{"id":89113,"date":"2023-08-23T12:14:12","date_gmt":"2023-08-23T12:14:12","guid":{"rendered":"https:\/\/aniventi.com\/solutions\/ai-powered-vehicle-tracking-systemth2-is-a\/"},"modified":"2025-08-17T14:15:04","modified_gmt":"2025-08-17T14:15:04","slug":"ai-powered-vehicle-tracking-systemth2-is-a","status":"publish","type":"page","link":"https:\/\/aniventi.com\/en\/solutions\/ai-powered-vehicle-tracking-systemth2-is-a\/","title":{"rendered":"AI-Powered Vehicle Tracking System"},"content":{"rendered":"\t\t<div data-elementor-type=\"wp-page\" data-elementor-id=\"89113\" class=\"elementor elementor-89113\" data-elementor-post-type=\"page\">\n\t\t\t\t\t\t<section data-ha-partstyle=\"default\" data-ha-partcolor=\"\" data-ha-partopacity=\"0\" data-ha-partdirection=\"bottom\" data-ha-partnum=\"75\" data-ha-partsize=\"\" data-ha-partspeed=\"4\" data-ha-interactive=\"\" class=\"elementor-section elementor-top-section elementor-element elementor-element-b479ca2 ha-particle-yes ha-particle-adv-yes elementor-section-boxed elementor-section-height-default elementor-section-height-default\" data-id=\"b479ca2\" data-element_type=\"section\" data-settings=\"{&quot;background_background&quot;:&quot;classic&quot;,&quot;_ha_eqh_enable&quot;:false}\">\n\t\t\t\t\t\t\t<div class=\"elementor-background-overlay\"><\/div>\n\t\t\t\t\t\t\t<div class=\"elementor-container elementor-column-gap-default\">\n\t\t\t\t\t<div class=\"elementor-column elementor-col-100 elementor-top-column elementor-element elementor-element-513f986c elementor-invisible\" data-id=\"513f986c\" data-element_type=\"column\" data-settings=\"{&quot;background_background&quot;:&quot;classic&quot;,&quot;animation&quot;:&quot;slideInRight&quot;,&quot;animation_delay&quot;:240}\">\n\t\t\t<div class=\"elementor-widget-wrap elementor-element-populated\">\n\t\t\t\t\t\t<section class=\"elementor-section elementor-inner-section elementor-element elementor-element-4e8dae42 elementor-section-content-middle elementor-section-boxed elementor-section-height-default elementor-section-height-default\" data-id=\"4e8dae42\" data-element_type=\"section\" data-settings=\"{&quot;background_background&quot;:&quot;classic&quot;,&quot;_ha_eqh_enable&quot;:false}\">\n\t\t\t\t\t\t\t<div class=\"elementor-background-overlay\"><\/div>\n\t\t\t\t\t\t\t<div class=\"elementor-container elementor-column-gap-default\">\n\t\t\t\t\t<div class=\"elementor-column elementor-col-100 elementor-inner-column elementor-element elementor-element-21872a74\" data-id=\"21872a74\" data-element_type=\"column\">\n\t\t\t<div class=\"elementor-widget-wrap elementor-element-populated\">\n\t\t\t\t\t\t<div class=\"elementor-element elementor-element-3a2ee491 elementor-icon-list--layout-inline elementor-align-left elementor-list-item-link-full_width elementor-widget elementor-widget-icon-list\" data-id=\"3a2ee491\" data-element_type=\"widget\" data-widget_type=\"icon-list.default\">\n\t\t\t\t<div class=\"elementor-widget-container\">\n\t\t\t\t\t<ul class=\"elementor-icon-list-items elementor-inline-items\">\n\t\t\t\t\t\t\t<li class=\"elementor-icon-list-item elementor-inline-item\">\n\t\t\t\t\t\t\t\t\t\t\t<a href=\"https:\/\/aniventi.com\/en\/\">\n\n\t\t\t\t\t\t\t\t\t\t\t<span class=\"elementor-icon-list-text\">Home<\/span>\n\t\t\t\t\t\t\t\t\t\t\t<\/a>\n\t\t\t\t\t\t\t\t\t<\/li>\n\t\t\t\t\t\t\t\t<li class=\"elementor-icon-list-item elementor-inline-item\">\n\t\t\t\t\t\t\t\t\t\t\t<span class=\"elementor-icon-list-icon\">\n\t\t\t\t\t\t\t<i aria-hidden=\"true\" class=\"fas fa-chevron-right\"><\/i>\t\t\t\t\t\t<\/span>\n\t\t\t\t\t\t\t\t\t\t<span class=\"elementor-icon-list-text\">AI-Powered Vehicle Tracking System<\/span>\n\t\t\t\t\t\t\t\t\t<\/li>\n\t\t\t\t\t\t<\/ul>\n\t\t\t\t<\/div>\n\t\t\t\t<\/div>\n\t\t\t\t<div class=\"elementor-element elementor-element-761949a9 elementor-widget elementor-widget-heading\" data-id=\"761949a9\" data-element_type=\"widget\" data-widget_type=\"heading.default\">\n\t\t\t\t<div class=\"elementor-widget-container\">\n\t\t\t<h1 class=\"elementor-heading-title elementor-size-default\">AI-Powered Vehicle Tracking System<\/h1>\t\t<\/div>\n\t\t\t\t<\/div>\n\t\t\t\t\t<\/div>\n\t\t<\/div>\n\t\t\t\t\t<\/div>\n\t\t<\/section>\n\t\t\t\t\t<\/div>\n\t\t<\/div>\n\t\t\t\t\t<\/div>\n\t\t<\/section>\n\t\t\t\t<section class=\"elementor-section elementor-top-section elementor-element elementor-element-8634c74 elementor-section-boxed elementor-section-height-default elementor-section-height-default\" data-id=\"8634c74\" data-element_type=\"section\" data-settings=\"{&quot;_ha_eqh_enable&quot;:false}\">\n\t\t\t\t\t\t<div class=\"elementor-container elementor-column-gap-default\">\n\t\t\t\t\t<div class=\"elementor-column elementor-col-100 elementor-top-column elementor-element elementor-element-9621dca\" data-id=\"9621dca\" data-element_type=\"column\">\n\t\t\t<div class=\"elementor-widget-wrap elementor-element-populated\">\n\t\t\t\t\t\t<section class=\"elementor-section elementor-inner-section elementor-element elementor-element-5aedd843 elementor-section-boxed elementor-section-height-default elementor-section-height-default\" data-id=\"5aedd843\" data-element_type=\"section\" data-settings=\"{&quot;_ha_eqh_enable&quot;:false}\">\n\t\t\t\t\t\t<div class=\"elementor-container elementor-column-gap-default\">\n\t\t\t\t\t<div class=\"elementor-column elementor-col-50 elementor-inner-column elementor-element elementor-element-df3a386\" data-id=\"df3a386\" data-element_type=\"column\">\n\t\t\t<div class=\"elementor-widget-wrap elementor-element-populated\">\n\t\t\t\t\t\t<div class=\"elementor-element elementor-element-542a4dc elementor-widget elementor-widget-image\" data-id=\"542a4dc\" data-element_type=\"widget\" data-widget_type=\"image.default\">\n\t\t\t\t<div class=\"elementor-widget-container\">\n\t\t\t\t\t\t\t\t\t\t\t\t\t<img fetchpriority=\"high\" decoding=\"async\" width=\"800\" height=\"451\" src=\"https:\/\/aniventi.com\/wp-content\/uploads\/2024\/11\/1683742902694-1024x577.png\" class=\"attachment-large size-large wp-image-88738\" alt=\"\" srcset=\"https:\/\/aniventi.com\/wp-content\/uploads\/2024\/11\/1683742902694-1024x577.png 1024w, https:\/\/aniventi.com\/wp-content\/uploads\/2024\/11\/1683742902694-300x169.png 300w, https:\/\/aniventi.com\/wp-content\/uploads\/2024\/11\/1683742902694-768x433.png 768w, https:\/\/aniventi.com\/wp-content\/uploads\/2024\/11\/1683742902694.png 1277w\" sizes=\"(max-width: 800px) 100vw, 800px\" \/>\t\t\t\t\t\t\t\t\t\t\t\t\t<\/div>\n\t\t\t\t<\/div>\n\t\t\t\t\t<\/div>\n\t\t<\/div>\n\t\t\t\t<div class=\"elementor-column elementor-col-50 elementor-inner-column elementor-element elementor-element-79f5a3d8\" data-id=\"79f5a3d8\" data-element_type=\"column\">\n\t\t\t<div class=\"elementor-widget-wrap elementor-element-populated\">\n\t\t\t\t\t\t<div class=\"elementor-element elementor-element-59ca5463 elementor-widget elementor-widget-image\" data-id=\"59ca5463\" data-element_type=\"widget\" data-widget_type=\"image.default\">\n\t\t\t\t<div class=\"elementor-widget-container\">\n\t\t\t\t\t\t\t\t\t\t\t\t\t<img decoding=\"async\" width=\"800\" height=\"504\" src=\"https:\/\/aniventi.com\/wp-content\/uploads\/2024\/11\/lines-drawn-on-the-frame-min-1024x645.png\" class=\"attachment-large size-large wp-image-88734\" alt=\"\" srcset=\"https:\/\/aniventi.com\/wp-content\/uploads\/2024\/11\/lines-drawn-on-the-frame-min-1024x645.png 1024w, https:\/\/aniventi.com\/wp-content\/uploads\/2024\/11\/lines-drawn-on-the-frame-min-300x189.png 300w, https:\/\/aniventi.com\/wp-content\/uploads\/2024\/11\/lines-drawn-on-the-frame-min-768x483.png 768w, https:\/\/aniventi.com\/wp-content\/uploads\/2024\/11\/lines-drawn-on-the-frame-min.png 1282w\" sizes=\"(max-width: 800px) 100vw, 800px\" \/>\t\t\t\t\t\t\t\t\t\t\t\t\t<\/div>\n\t\t\t\t<\/div>\n\t\t\t\t\t<\/div>\n\t\t<\/div>\n\t\t\t\t\t<\/div>\n\t\t<\/section>\n\t\t\t\t<div class=\"elementor-element elementor-element-7b057cc7 elementor-widget elementor-widget-text-editor\" data-id=\"7b057cc7\" data-element_type=\"widget\" data-widget_type=\"text-editor.default\">\n\t\t\t\t<div class=\"elementor-widget-container\">\n\t\t\t\t\t\t\t<p>TH2 is a hardware and software system that enables centralized fault detection and management for commercial fleets such as buses and trucks. It allows user-vehicle relationships to be accessed and managed remotely. The software includes additional modules such as Driver Performance, Maintenance, Reporting, Route Management, and Route Optimization.<\/p><p><br \/>By analyzing driver behavior through learning algorithms and route optimization, it detects spare part deformations and optimizes fuel costs. All data such as vehicle location, accelerator, brake pedal, gear position, door status, and fault information are recorded online and offline in relation to \u201clocation, time, and event.\u201d<br \/>If a fault occurs while the vehicle is in motion, the TH2 device identifies the faulty part with pinpoint accuracy and offers a solution. Information about the faulty part is sent to the nearest authorized service centers to receive quotations. For manufacturers, real-world usage data and reports are provided on spare part lifespan. The fishbone (Ishikawa) method is used for root cause analysis.<br \/>Thanks to the developed storage and data utilization algorithm, customers are not charged for data usage or storage, and data can be actively stored in the device memory for up to 8 years.<\/p>\t\t\t\t\t\t<\/div>\n\t\t\t\t<\/div>\n\t\t\t\t\t<\/div>\n\t\t<\/div>\n\t\t\t\t\t<\/div>\n\t\t<\/section>\n\t\t\t\t<\/div>\n\t\t","protected":false},"excerpt":{"rendered":"<p>Home AI-Powered Vehicle Tracking System TH2, otob\u00fcs ve kamyon gibi ticari filolar\u0131n ar\u0131za durum tespitini tek merkezden y\u00f6netimini sa\u011flayan donan\u0131m ve yaz\u0131l\u0131m sistemidir. Kullan\u0131c\u0131-ara\u00e7 ili\u015fkisini uzaktan eri\u015filebilir ve y\u00f6netilebilir hale getirir. Yaz\u0131l\u0131m kapsam\u0131nda kullan\u0131c\u0131lar\u0131n sahip oldu\u011fu ek mod\u00fcller; \u015eof\u00f6r Performans\u0131, Bak\u0131m, Raporlama, G\u00fczerg\u00e2h Y\u00f6netimi ve Rota Optimizasyonudur. S\u00fcr\u00fcc\u00fc hareketlerinin incelemesi, \u00f6\u011frenme algoritmas\u0131 ve rota optimizasyonu [&hellip;]<\/p>\n","protected":false},"author":1,"featured_media":0,"parent":89091,"menu_order":0,"comment_status":"closed","ping_status":"closed","template":"","meta":{"footnotes":""},"class_list":["post-89113","page","type-page","status-publish","hentry"],"aioseo_notices":[],"_links":{"self":[{"href":"https:\/\/aniventi.com\/en\/wp-json\/wp\/v2\/pages\/89113","targetHints":{"allow":["GET"]}}],"collection":[{"href":"https:\/\/aniventi.com\/en\/wp-json\/wp\/v2\/pages"}],"about":[{"href":"https:\/\/aniventi.com\/en\/wp-json\/wp\/v2\/types\/page"}],"author":[{"embeddable":true,"href":"https:\/\/aniventi.com\/en\/wp-json\/wp\/v2\/users\/1"}],"replies":[{"embeddable":true,"href":"https:\/\/aniventi.com\/en\/wp-json\/wp\/v2\/comments?post=89113"}],"version-history":[{"count":7,"href":"https:\/\/aniventi.com\/en\/wp-json\/wp\/v2\/pages\/89113\/revisions"}],"predecessor-version":[{"id":89176,"href":"https:\/\/aniventi.com\/en\/wp-json\/wp\/v2\/pages\/89113\/revisions\/89176"}],"up":[{"embeddable":true,"href":"https:\/\/aniventi.com\/en\/wp-json\/wp\/v2\/pages\/89091"}],"wp:attachment":[{"href":"https:\/\/aniventi.com\/en\/wp-json\/wp\/v2\/media?parent=89113"}],"curies":[{"name":"wp","href":"https:\/\/api.w.org\/{rel}","templated":true}]}}