{"id":89116,"date":"2024-11-17T18:25:08","date_gmt":"2024-11-17T18:25:08","guid":{"rendered":"https:\/\/aniventi.com\/iot-solutions\/"},"modified":"2024-11-17T18:25:08","modified_gmt":"2024-11-17T18:25:08","slug":"iot-solutions","status":"publish","type":"page","link":"https:\/\/aniventi.com\/en\/iot-solutions\/","title":{"rendered":"IoT Solutions"},"content":{"rendered":"\t\t<div data-elementor-type=\"wp-page\" data-elementor-id=\"89116\" class=\"elementor elementor-89116\" data-elementor-post-type=\"page\">\n\t\t\t\t\t\t<section data-ha-partstyle=\"default\" data-ha-partcolor=\"\" data-ha-partopacity=\"0\" data-ha-partdirection=\"bottom\" data-ha-partnum=\"75\" data-ha-partsize=\"\" data-ha-partspeed=\"4\" data-ha-interactive=\"\" class=\"elementor-section elementor-top-section elementor-element elementor-element-0a5d873 ha-particle-yes ha-particle-adv-yes elementor-section-boxed elementor-section-height-default elementor-section-height-default\" data-id=\"0a5d873\" data-element_type=\"section\" data-settings=\"{&quot;background_background&quot;:&quot;classic&quot;,&quot;_ha_eqh_enable&quot;:false}\">\n\t\t\t\t\t\t\t<div class=\"elementor-background-overlay\"><\/div>\n\t\t\t\t\t\t\t<div class=\"elementor-container elementor-column-gap-default\">\n\t\t\t\t\t<div class=\"elementor-column elementor-col-100 elementor-top-column elementor-element elementor-element-3516b685 elementor-invisible\" data-id=\"3516b685\" data-element_type=\"column\" data-settings=\"{&quot;background_background&quot;:&quot;classic&quot;,&quot;animation&quot;:&quot;slideInRight&quot;,&quot;animation_delay&quot;:240}\">\n\t\t\t<div class=\"elementor-widget-wrap elementor-element-populated\">\n\t\t\t\t\t\t<section class=\"elementor-section elementor-inner-section elementor-element elementor-element-70ed8358 elementor-section-content-middle elementor-section-boxed elementor-section-height-default elementor-section-height-default\" data-id=\"70ed8358\" data-element_type=\"section\" data-settings=\"{&quot;background_background&quot;:&quot;classic&quot;,&quot;_ha_eqh_enable&quot;:false}\">\n\t\t\t\t\t\t\t<div class=\"elementor-background-overlay\"><\/div>\n\t\t\t\t\t\t\t<div class=\"elementor-container elementor-column-gap-default\">\n\t\t\t\t\t<div class=\"elementor-column elementor-col-100 elementor-inner-column elementor-element elementor-element-1710feb3\" data-id=\"1710feb3\" data-element_type=\"column\">\n\t\t\t<div class=\"elementor-widget-wrap elementor-element-populated\">\n\t\t\t\t\t\t<div class=\"elementor-element elementor-element-3f1604ee elementor-icon-list--layout-inline elementor-align-left elementor-list-item-link-full_width elementor-widget elementor-widget-icon-list\" data-id=\"3f1604ee\" data-element_type=\"widget\" data-widget_type=\"icon-list.default\">\n\t\t\t\t<div class=\"elementor-widget-container\">\n\t\t\t\t\t<ul class=\"elementor-icon-list-items elementor-inline-items\">\n\t\t\t\t\t\t\t<li class=\"elementor-icon-list-item elementor-inline-item\">\n\t\t\t\t\t\t\t\t\t\t\t<a href=\"https:\/\/aniventi.com\/en\/\">\n\n\t\t\t\t\t\t\t\t\t\t\t<span class=\"elementor-icon-list-text\">Anasayfa<\/span>\n\t\t\t\t\t\t\t\t\t\t\t<\/a>\n\t\t\t\t\t\t\t\t\t<\/li>\n\t\t\t\t\t\t\t\t<li class=\"elementor-icon-list-item elementor-inline-item\">\n\t\t\t\t\t\t\t\t\t\t\t<span class=\"elementor-icon-list-icon\">\n\t\t\t\t\t\t\t<i aria-hidden=\"true\" class=\"fas fa-chevron-right\"><\/i>\t\t\t\t\t\t<\/span>\n\t\t\t\t\t\t\t\t\t\t<span class=\"elementor-icon-list-text\">IoT Solutions<\/span>\n\t\t\t\t\t\t\t\t\t<\/li>\n\t\t\t\t\t\t<\/ul>\n\t\t\t\t<\/div>\n\t\t\t\t<\/div>\n\t\t\t\t<div class=\"elementor-element elementor-element-42a4c603 elementor-widget elementor-widget-heading\" data-id=\"42a4c603\" data-element_type=\"widget\" data-widget_type=\"heading.default\">\n\t\t\t\t<div class=\"elementor-widget-container\">\n\t\t\t<h1 class=\"elementor-heading-title elementor-size-default\">IoT \u00c7\u00f6z\u00fcmleri<\/h1>\t\t<\/div>\n\t\t\t\t<\/div>\n\t\t\t\t\t<\/div>\n\t\t<\/div>\n\t\t\t\t\t<\/div>\n\t\t<\/section>\n\t\t\t\t\t<\/div>\n\t\t<\/div>\n\t\t\t\t\t<\/div>\n\t\t<\/section>\n\t\t\t\t<section class=\"elementor-section elementor-top-section elementor-element elementor-element-bdb3a4f elementor-section-boxed elementor-section-height-default elementor-section-height-default\" data-id=\"bdb3a4f\" data-element_type=\"section\" data-settings=\"{&quot;_ha_eqh_enable&quot;:false}\">\n\t\t\t\t\t\t<div class=\"elementor-container elementor-column-gap-default\">\n\t\t\t\t\t<div class=\"elementor-column elementor-col-100 elementor-top-column elementor-element elementor-element-74b0161a\" data-id=\"74b0161a\" data-element_type=\"column\">\n\t\t\t<div class=\"elementor-widget-wrap elementor-element-populated\">\n\t\t\t\t\t\t<div class=\"elementor-element elementor-element-6bb79b94 elementor-widget elementor-widget-text-editor\" data-id=\"6bb79b94\" data-element_type=\"widget\" data-widget_type=\"text-editor.default\">\n\t\t\t\t<div class=\"elementor-widget-container\">\n\t\t\t\t\t\t\t<p>Nesnelerin \u0130nterneti (IoT &#8211; Internet of Things), fiziksel cihazlar\u0131n ve sistemlerin internet arac\u0131l\u0131\u011f\u0131yla birbirine ba\u011flanarak veri al\u0131\u015fveri\u015fi yapmas\u0131n\u0131 sa\u011flayan bir teknolojidir. Aniventi olarak sundu\u011fumuz IoT \u00e7\u00f6z\u00fcmleri, i\u015fletmelerin verilerini daha verimli bir \u015fekilde toplamas\u0131na, analiz etmesine ve bu verilerle daha ak\u0131ll\u0131, daha h\u0131zl\u0131 kararlar almas\u0131na yard\u0131mc\u0131 olur. IoT, dijital d\u00f6n\u00fc\u015f\u00fcm\u00fcn en \u00f6nemli bile\u015fenlerinden biri olarak, end\u00fcstriyel tesislerden ak\u0131ll\u0131 binalara, tar\u0131m sekt\u00f6r\u00fcnden sa\u011fl\u0131k hizmetlerine kadar geni\u015f bir uygulama yelpazesi sunar.<\/p>\t\t\t\t\t\t<\/div>\n\t\t\t\t<\/div>\n\t\t\t\t<section class=\"elementor-section elementor-inner-section elementor-element elementor-element-a6b4d49 elementor-section-boxed elementor-section-height-default elementor-section-height-default\" data-id=\"a6b4d49\" data-element_type=\"section\" data-settings=\"{&quot;_ha_eqh_enable&quot;:false}\">\n\t\t\t\t\t\t<div class=\"elementor-container elementor-column-gap-default\">\n\t\t\t\t\t<div class=\"elementor-column elementor-col-50 elementor-inner-column elementor-element elementor-element-461281f\" data-id=\"461281f\" data-element_type=\"column\">\n\t\t\t<div class=\"elementor-widget-wrap elementor-element-populated\">\n\t\t\t\t\t\t<div class=\"elementor-element elementor-element-cfa72cf elementor-widget__width-initial elementor-widget elementor-widget-text-editor\" data-id=\"cfa72cf\" data-element_type=\"widget\" data-widget_type=\"text-editor.default\">\n\t\t\t\t<div class=\"elementor-widget-container\">\n\t\t\t\t\t\t\t<h3>IoT \u00c7\u00f6z\u00fcmlerinin Avantajlar\u0131:<\/h3><ul><li>Ger\u00e7ek Zamanl\u0131 Veri \u0130zleme: IoT cihazlar\u0131, s\u00fcre\u00e7lerinizi anl\u0131k olarak izler ve verileri toplar. Bu sayede, i\u015fletmenizdeki her bir \u00f6\u011feyi izleyebilir, potansiyel problemleri tespit edebilir ve \u00e7\u00f6z\u00fcm odakl\u0131 aksiyonlar alabilirsiniz.<\/li><li>Veri Analiti\u011fi ve \u0130yile\u015ftirme: IoT cihazlar\u0131ndan elde edilen veriler, analitik ara\u00e7larla i\u015flenerek, s\u00fcre\u00e7lerinizi s\u00fcrekli olarak iyile\u015ftirmenize yard\u0131mc\u0131 olur. Bu, kaynak kullan\u0131m\u0131 optimizasyonu, enerji verimlili\u011fi art\u0131\u015f\u0131 ve maliyet d\u00fc\u015f\u00fc\u015fleri gibi \u00f6nemli faydalar sa\u011flar.<\/li><li>Uzaktan Y\u00f6netim ve Kontrol: IoT \u00e7\u00f6z\u00fcmleri sayesinde, farkl\u0131 co\u011frafi b\u00f6lgelerdeki tesislerinizi, makinelerinizi ve cihazlar\u0131n\u0131z\u0131 uzaktan y\u00f6netebilir ve kontrol edebilirsiniz. Bu, operasyonel esneklik sa\u011flar ve yerinden ba\u011f\u0131ms\u0131z bir y\u00f6netim imkan\u0131 sunar.<\/li><li>Proaktif Bak\u0131m ve Ar\u0131za Tespiti: IoT tabanl\u0131 sistemler, ekipmanlar\u0131n\u0131z\u0131n durumu hakk\u0131nda anl\u0131k bilgi sa\u011flar. Sens\u00f6rler arac\u0131l\u0131\u011f\u0131yla erken ar\u0131za uyar\u0131lar\u0131 alarak, bak\u0131m s\u00fcre\u00e7lerini planlayabilir ve kesintisiz \u00fcretimi sa\u011flayabilirsiniz.<\/li><li>\u0130\u015f S\u00fcreklili\u011fi ve Verimlilik: IoT \u00e7\u00f6z\u00fcmleri, i\u015fletmelerin t\u00fcm s\u00fcre\u00e7lerini daha verimli hale getirirken, i\u015f s\u00fcreklili\u011fini de g\u00fcvence alt\u0131na al\u0131r. Olas\u0131 aksakl\u0131klar\u0131 \u00f6nceden tespit ederek, operasyonel aksakl\u0131klar\u0131 minimize edebilirsiniz.<\/li><\/ul>\t\t\t\t\t\t<\/div>\n\t\t\t\t<\/div>\n\t\t\t\t\t<\/div>\n\t\t<\/div>\n\t\t\t\t<div class=\"elementor-column elementor-col-50 elementor-inner-column elementor-element elementor-element-79d6747\" data-id=\"79d6747\" data-element_type=\"column\">\n\t\t\t<div class=\"elementor-widget-wrap elementor-element-populated\">\n\t\t\t\t\t\t<div class=\"elementor-element elementor-element-d07e1e8 elementor-widget elementor-widget-image\" data-id=\"d07e1e8\" data-element_type=\"widget\" data-widget_type=\"image.default\">\n\t\t\t\t<div class=\"elementor-widget-container\">\n\t\t\t\t\t\t\t\t\t\t\t\t\t<img fetchpriority=\"high\" decoding=\"async\" width=\"550\" height=\"412\" src=\"https:\/\/aniventi.com\/wp-content\/uploads\/2024\/11\/2021-de-gercek-zamanli-operasyonlar.webp\" class=\"attachment-large size-large wp-image-88985\" alt=\"\" srcset=\"https:\/\/aniventi.com\/wp-content\/uploads\/2024\/11\/2021-de-gercek-zamanli-operasyonlar.webp 550w, https:\/\/aniventi.com\/wp-content\/uploads\/2024\/11\/2021-de-gercek-zamanli-operasyonlar-300x225.webp 300w\" sizes=\"(max-width: 550px) 100vw, 550px\" \/>\t\t\t\t\t\t\t\t\t\t\t\t\t<\/div>\n\t\t\t\t<\/div>\n\t\t\t\t<div class=\"elementor-element elementor-element-b98db9d elementor-widget elementor-widget-image\" data-id=\"b98db9d\" data-element_type=\"widget\" data-widget_type=\"image.default\">\n\t\t\t\t<div class=\"elementor-widget-container\">\n\t\t\t\t\t\t\t\t\t\t\t\t\t<img decoding=\"async\" width=\"800\" height=\"457\" src=\"https:\/\/aniventi.com\/wp-content\/uploads\/2024\/11\/DALL\u00b7E-2024-05-27-08.29.02-An-illustration-showcasing-the-use-of-Internet-of-Things-IoT-in-home-automation.-The-image-features-a-contemporary-house-with-interconnected-smart-d-1024x585.webp\" class=\"attachment-large size-large wp-image-88989\" alt=\"\" srcset=\"https:\/\/aniventi.com\/wp-content\/uploads\/2024\/11\/DALL\u00b7E-2024-05-27-08.29.02-An-illustration-showcasing-the-use-of-Internet-of-Things-IoT-in-home-automation.-The-image-features-a-contemporary-house-with-interconnected-smart-d-1024x585.webp 1024w, https:\/\/aniventi.com\/wp-content\/uploads\/2024\/11\/DALL\u00b7E-2024-05-27-08.29.02-An-illustration-showcasing-the-use-of-Internet-of-Things-IoT-in-home-automation.-The-image-features-a-contemporary-house-with-interconnected-smart-d-300x171.webp 300w, https:\/\/aniventi.com\/wp-content\/uploads\/2024\/11\/DALL\u00b7E-2024-05-27-08.29.02-An-illustration-showcasing-the-use-of-Internet-of-Things-IoT-in-home-automation.-The-image-features-a-contemporary-house-with-interconnected-smart-d-768x439.webp 768w, https:\/\/aniventi.com\/wp-content\/uploads\/2024\/11\/DALL\u00b7E-2024-05-27-08.29.02-An-illustration-showcasing-the-use-of-Internet-of-Things-IoT-in-home-automation.-The-image-features-a-contemporary-house-with-interconnected-smart-d-1536x878.webp 1536w, https:\/\/aniventi.com\/wp-content\/uploads\/2024\/11\/DALL\u00b7E-2024-05-27-08.29.02-An-illustration-showcasing-the-use-of-Internet-of-Things-IoT-in-home-automation.-The-image-features-a-contemporary-house-with-interconnected-smart-d.webp 1792w\" sizes=\"(max-width: 800px) 100vw, 800px\" \/>\t\t\t\t\t\t\t\t\t\t\t\t\t<\/div>\n\t\t\t\t<\/div>\n\t\t\t\t\t<\/div>\n\t\t<\/div>\n\t\t\t\t\t<\/div>\n\t\t<\/section>\n\t\t\t\t<section class=\"elementor-section elementor-inner-section elementor-element elementor-element-dab6b1a elementor-section-boxed elementor-section-height-default elementor-section-height-default\" data-id=\"dab6b1a\" data-element_type=\"section\" data-settings=\"{&quot;_ha_eqh_enable&quot;:false}\">\n\t\t\t\t\t\t<div class=\"elementor-container elementor-column-gap-default\">\n\t\t\t\t\t<div class=\"elementor-column elementor-col-50 elementor-inner-column elementor-element elementor-element-6b53bf1\" data-id=\"6b53bf1\" data-element_type=\"column\">\n\t\t\t<div class=\"elementor-widget-wrap elementor-element-populated\">\n\t\t\t\t\t\t<div class=\"elementor-element elementor-element-36a9040 elementor-widget elementor-widget-image\" data-id=\"36a9040\" data-element_type=\"widget\" data-widget_type=\"image.default\">\n\t\t\t\t<div class=\"elementor-widget-container\">\n\t\t\t\t\t\t\t\t\t\t\t\t\t<img decoding=\"async\" width=\"550\" height=\"412\" src=\"https:\/\/aniventi.com\/wp-content\/uploads\/2024\/11\/iot-neden-edustriyel-isleyisin-gelecegidir.webp\" class=\"attachment-large size-large wp-image-88993\" alt=\"\" srcset=\"https:\/\/aniventi.com\/wp-content\/uploads\/2024\/11\/iot-neden-edustriyel-isleyisin-gelecegidir.webp 550w, https:\/\/aniventi.com\/wp-content\/uploads\/2024\/11\/iot-neden-edustriyel-isleyisin-gelecegidir-300x225.webp 300w\" sizes=\"(max-width: 550px) 100vw, 550px\" \/>\t\t\t\t\t\t\t\t\t\t\t\t\t<\/div>\n\t\t\t\t<\/div>\n\t\t\t\t<div class=\"elementor-element elementor-element-60b29a7 elementor-widget elementor-widget-image\" data-id=\"60b29a7\" data-element_type=\"widget\" data-widget_type=\"image.default\">\n\t\t\t\t<div class=\"elementor-widget-container\">\n\t\t\t\t\t\t\t\t\t\t\t\t\t<img loading=\"lazy\" decoding=\"async\" width=\"800\" height=\"534\" src=\"https:\/\/aniventi.com\/wp-content\/uploads\/2024\/11\/Nesnelerin-Interneti-IoT-Nedir-Guvenligi-Nasil-Saglanir-1024x683.jpg\" class=\"attachment-large size-large wp-image-88997\" alt=\"\" srcset=\"https:\/\/aniventi.com\/wp-content\/uploads\/2024\/11\/Nesnelerin-Interneti-IoT-Nedir-Guvenligi-Nasil-Saglanir-1024x683.jpg 1024w, https:\/\/aniventi.com\/wp-content\/uploads\/2024\/11\/Nesnelerin-Interneti-IoT-Nedir-Guvenligi-Nasil-Saglanir-300x200.jpg 300w, https:\/\/aniventi.com\/wp-content\/uploads\/2024\/11\/Nesnelerin-Interneti-IoT-Nedir-Guvenligi-Nasil-Saglanir-768x512.jpg 768w, https:\/\/aniventi.com\/wp-content\/uploads\/2024\/11\/Nesnelerin-Interneti-IoT-Nedir-Guvenligi-Nasil-Saglanir.jpg 1128w\" sizes=\"(max-width: 800px) 100vw, 800px\" \/>\t\t\t\t\t\t\t\t\t\t\t\t\t<\/div>\n\t\t\t\t<\/div>\n\t\t\t\t\t<\/div>\n\t\t<\/div>\n\t\t\t\t<div class=\"elementor-column elementor-col-50 elementor-inner-column elementor-element elementor-element-16a7aad\" data-id=\"16a7aad\" data-element_type=\"column\">\n\t\t\t<div class=\"elementor-widget-wrap elementor-element-populated\">\n\t\t\t\t\t\t<div class=\"elementor-element elementor-element-2d47d20 elementor-widget elementor-widget-text-editor\" data-id=\"2d47d20\" data-element_type=\"widget\" data-widget_type=\"text-editor.default\">\n\t\t\t\t<div class=\"elementor-widget-container\">\n\t\t\t\t\t\t\t<h3><strong>IoT \u00c7\u00f6z\u00fcmlerinin Uygulama Alanlar\u0131<\/strong><\/h3><ul><li>End\u00fcstriyel IoT (IIoT): \u00dcretim tesisleri ve fabrikalar i\u00e7in IoT \u00e7\u00f6z\u00fcmleri, makinelerin ve \u00fcretim hatlar\u0131n\u0131n izlenmesi, enerji verimlili\u011fi takibi, \u00fcretim h\u0131z\u0131n\u0131n optimize edilmesi ve ar\u0131za \u00f6ncesi bak\u0131m yap\u0131lmas\u0131 gibi \u00f6nemli avantajlar sunar.<\/li><li>Ak\u0131ll\u0131 Binalar: IoT tabanl\u0131 sistemler, binalardaki ayd\u0131nlatma, \u0131s\u0131tma, so\u011futma ve g\u00fcvenlik gibi altyap\u0131lar\u0131 uzaktan kontrol etmenizi sa\u011flar. Bu sayede enerji verimlili\u011fini art\u0131rabilir, maliyetleri d\u00fc\u015f\u00fcrebilir ve kullan\u0131c\u0131 deneyimini iyile\u015ftirebilirsiniz.<\/li><li>Sa\u011fl\u0131k Sekt\u00f6r\u00fc (IoMT): IoT cihazlar\u0131, hastalar\u0131n sa\u011fl\u0131k verilerini anl\u0131k olarak toplayarak sa\u011fl\u0131k profesyonellerine g\u00f6nderir. Bu, ki\u015fisel sa\u011fl\u0131k takibini kolayla\u015ft\u0131r\u0131r ve hastalar\u0131n tedavi s\u00fcre\u00e7lerinde daha h\u0131zl\u0131 m\u00fcdahaleler yap\u0131lmas\u0131n\u0131 sa\u011flar. Ayr\u0131ca, t\u0131bbi ekipmanlar\u0131n takibi de IoT ile daha etkin hale gelir.<\/li><li>Lojistik ve Ta\u015f\u0131ma: IoT sens\u00f6rleri, ta\u015f\u0131ma ara\u00e7lar\u0131ndaki y\u00fcklerin durumunu izler, s\u0131cakl\u0131k, nem gibi \u00e7evresel ko\u015fullar\u0131 takip eder ve \u00fcr\u00fcnlerin g\u00fcvenli \u015fekilde teslim edilmesini sa\u011flar. Depolama alanlar\u0131nda ise stoklar\u0131n anl\u0131k takibi yap\u0131labilir.<\/li><li>Tar\u0131m ve Ak\u0131ll\u0131 Tar\u0131m: IoT, tar\u0131m alan\u0131nda sulama sistemlerinin, toprak neminin ve hava ko\u015fullar\u0131n\u0131n izlenmesine olanak tan\u0131r. Bu, tar\u0131msal \u00fcretimin verimlili\u011fini art\u0131r\u0131rken, kaynaklar\u0131n etkin kullan\u0131m\u0131n\u0131 sa\u011flar.<\/li><li>Enerji Y\u00f6netimi: IoT \u00e7\u00f6z\u00fcmleri, enerji t\u00fcketimi \u00fczerine ger\u00e7ek zamanl\u0131 veri toplayarak, enerji tasarrufu sa\u011flamak ve s\u00fcrd\u00fcr\u00fclebilirlik hedeflerine ula\u015fmak i\u00e7in etkili bir \u00e7\u00f6z\u00fcm sunar. Bu, \u00f6zellikle b\u00fcy\u00fck \u00f6l\u00e7ekli i\u015fletmelerde enerji maliyetlerini \u00f6nemli \u00f6l\u00e7\u00fcde d\u00fc\u015f\u00fcr\u00fcr.<\/li><\/ul>\t\t\t\t\t\t<\/div>\n\t\t\t\t<\/div>\n\t\t\t\t\t<\/div>\n\t\t<\/div>\n\t\t\t\t\t<\/div>\n\t\t<\/section>\n\t\t\t\t<section class=\"elementor-section elementor-inner-section elementor-element elementor-element-aaf7f57 elementor-section-boxed elementor-section-height-default elementor-section-height-default\" data-id=\"aaf7f57\" data-element_type=\"section\" data-settings=\"{&quot;_ha_eqh_enable&quot;:false}\">\n\t\t\t\t\t\t<div class=\"elementor-container elementor-column-gap-default\">\n\t\t\t\t\t<div class=\"elementor-column elementor-col-50 elementor-inner-column elementor-element elementor-element-f943186\" data-id=\"f943186\" data-element_type=\"column\">\n\t\t\t<div class=\"elementor-widget-wrap elementor-element-populated\">\n\t\t\t\t\t\t<div class=\"elementor-element elementor-element-4052c02 elementor-widget__width-initial elementor-widget elementor-widget-text-editor\" data-id=\"4052c02\" data-element_type=\"widget\" data-widget_type=\"text-editor.default\">\n\t\t\t\t<div class=\"elementor-widget-container\">\n\t\t\t\t\t\t\t<h3><strong>IoT \u00c7\u00f6z\u00fcmlerinde Aniventi&#8217;nin Fark\u0131<\/strong><\/h3><p>Aniventi, IoT \u00e7\u00f6z\u00fcmlerinde sekt\u00f6rel ihtiya\u00e7lar\u0131 g\u00f6z \u00f6n\u00fcnde bulundurarak \u00f6zelle\u015ftirilmi\u015f ve esnek \u00e7\u00f6z\u00fcmler sunar. Geli\u015fmi\u015f sens\u00f6rler, veri i\u015fleme platformlar\u0131 ve kullan\u0131c\u0131 dostu aray\u00fczlerle, m\u00fc\u015fterilerimize etkin veri toplama, analiz ve raporlama imk\u00e2n\u0131 sa\u011fl\u0131yoruz. Ayr\u0131ca, sundu\u011fumuz IoT \u00e7\u00f6z\u00fcmleri kolayca entegre edilebilir ve i\u015fletmelerin mevcut altyap\u0131lar\u0131na sorunsuzca uyum sa\u011flar.<\/p><p>\u00a0<\/p><ul><li>\u00d6zelle\u015ftirilmi\u015f \u00c7\u00f6z\u00fcmler: \u0130\u015fletmenizin \u00f6zel ihtiya\u00e7lar\u0131na g\u00f6re tasarlanm\u0131\u015f IoT sistemleri sunuyoruz.<\/li><li>Veri G\u00fcvenli\u011fi: IoT sistemleri i\u00e7in geli\u015fmi\u015f g\u00fcvenlik \u00f6nlemleri alarak, verilerinizi koruyoruz.<\/li><li>S\u00fcrekli Destek: IoT sistemlerimizin kurulumu ve i\u015fletilmesi s\u0131ras\u0131nda s\u00fcrekli destek sa\u011flayarak, her a\u015famada yan\u0131n\u0131zday\u0131z.<\/li><\/ul><p>\u00a0<\/p><p>Aniventi IoT \u00e7\u00f6z\u00fcmleri, i\u015fletmenizin verimlili\u011fini art\u0131r\u0131rken, dijital d\u00f6n\u00fc\u015f\u00fcm yolculu\u011funuzda g\u00fc\u00e7l\u00fc bir temel olu\u015fturur. Daha fazla bilgi almak ve size \u00f6zel IoT \u00e7\u00f6z\u00fcmleri geli\u015ftirmek i\u00e7in bizimle ileti\u015fime ge\u00e7ebilirsiniz.<\/p>\t\t\t\t\t\t<\/div>\n\t\t\t\t<\/div>\n\t\t\t\t\t<\/div>\n\t\t<\/div>\n\t\t\t\t<div class=\"elementor-column elementor-col-50 elementor-inner-column elementor-element elementor-element-df2374c\" data-id=\"df2374c\" data-element_type=\"column\">\n\t\t\t<div class=\"elementor-widget-wrap elementor-element-populated\">\n\t\t\t\t\t\t<div class=\"elementor-element elementor-element-9458381 elementor-widget elementor-widget-image\" data-id=\"9458381\" data-element_type=\"widget\" data-widget_type=\"image.default\">\n\t\t\t\t<div class=\"elementor-widget-container\">\n\t\t\t\t\t\t\t\t\t\t\t\t\t<img loading=\"lazy\" decoding=\"async\" width=\"800\" height=\"461\" src=\"https:\/\/aniventi.com\/wp-content\/uploads\/2024\/11\/Overview-image-1024x590.jpg\" class=\"attachment-large size-large wp-image-89001\" alt=\"\" srcset=\"https:\/\/aniventi.com\/wp-content\/uploads\/2024\/11\/Overview-image-1024x590.jpg 1024w, https:\/\/aniventi.com\/wp-content\/uploads\/2024\/11\/Overview-image-300x173.jpg 300w, https:\/\/aniventi.com\/wp-content\/uploads\/2024\/11\/Overview-image-768x442.jpg 768w, https:\/\/aniventi.com\/wp-content\/uploads\/2024\/11\/Overview-image.jpg 1094w\" sizes=\"(max-width: 800px) 100vw, 800px\" \/>\t\t\t\t\t\t\t\t\t\t\t\t\t<\/div>\n\t\t\t\t<\/div>\n\t\t\t\t<div class=\"elementor-element elementor-element-869cb62 elementor-widget elementor-widget-image\" data-id=\"869cb62\" data-element_type=\"widget\" data-widget_type=\"image.default\">\n\t\t\t\t<div class=\"elementor-widget-container\">\n\t\t\t\t\t\t\t\t\t\t\t\t\t<img loading=\"lazy\" decoding=\"async\" width=\"800\" height=\"533\" src=\"https:\/\/aniventi.com\/wp-content\/uploads\/2024\/11\/t_63370-1024x682-1.jpeg\" class=\"attachment-large size-large wp-image-89005\" alt=\"\" srcset=\"https:\/\/aniventi.com\/wp-content\/uploads\/2024\/11\/t_63370-1024x682-1.jpeg 1024w, https:\/\/aniventi.com\/wp-content\/uploads\/2024\/11\/t_63370-1024x682-1-300x200.jpeg 300w, https:\/\/aniventi.com\/wp-content\/uploads\/2024\/11\/t_63370-1024x682-1-768x512.jpeg 768w\" sizes=\"(max-width: 800px) 100vw, 800px\" \/>\t\t\t\t\t\t\t\t\t\t\t\t\t<\/div>\n\t\t\t\t<\/div>\n\t\t\t\t\t<\/div>\n\t\t<\/div>\n\t\t\t\t\t<\/div>\n\t\t<\/section>\n\t\t\t\t\t<\/div>\n\t\t<\/div>\n\t\t\t\t\t<\/div>\n\t\t<\/section>\n\t\t\t\t<\/div>\n\t\t","protected":false},"excerpt":{"rendered":"<p>Home IoT Solutions Nesnelerin \u0130nterneti (IoT &#8211; Internet of Things), fiziksel cihazlar\u0131n ve sistemlerin internet arac\u0131l\u0131\u011f\u0131yla birbirine ba\u011flanarak veri al\u0131\u015fveri\u015fi yapmas\u0131n\u0131 sa\u011flayan bir teknolojidir. Aniventi olarak sundu\u011fumuz IoT \u00e7\u00f6z\u00fcmleri, i\u015fletmelerin verilerini daha verimli bir \u015fekilde toplamas\u0131na, analiz etmesine ve bu verilerle daha ak\u0131ll\u0131, daha h\u0131zl\u0131 kararlar almas\u0131na yard\u0131mc\u0131 olur. IoT, dijital d\u00f6n\u00fc\u015f\u00fcm\u00fcn en \u00f6nemli bile\u015fenlerinden [&hellip;]<\/p>\n","protected":false},"author":1,"featured_media":0,"parent":0,"menu_order":0,"comment_status":"closed","ping_status":"closed","template":"","meta":{"footnotes":""},"class_list":["post-89116","page","type-page","status-publish","hentry"],"aioseo_notices":[],"_links":{"self":[{"href":"https:\/\/aniventi.com\/en\/wp-json\/wp\/v2\/pages\/89116","targetHints":{"allow":["GET"]}}],"collection":[{"href":"https:\/\/aniventi.com\/en\/wp-json\/wp\/v2\/pages"}],"about":[{"href":"https:\/\/aniventi.com\/en\/wp-json\/wp\/v2\/types\/page"}],"author":[{"embeddable":true,"href":"https:\/\/aniventi.com\/en\/wp-json\/wp\/v2\/users\/1"}],"replies":[{"embeddable":true,"href":"https:\/\/aniventi.com\/en\/wp-json\/wp\/v2\/comments?post=89116"}],"version-history":[{"count":0,"href":"https:\/\/aniventi.com\/en\/wp-json\/wp\/v2\/pages\/89116\/revisions"}],"wp:attachment":[{"href":"https:\/\/aniventi.com\/en\/wp-json\/wp\/v2\/media?parent=89116"}],"curies":[{"name":"wp","href":"https:\/\/api.w.org\/{rel}","templated":true}]}}