{"id":89117,"date":"2023-08-23T12:18:43","date_gmt":"2023-08-23T12:18:43","guid":{"rendered":"https:\/\/aniventi.com\/corporate\/"},"modified":"2023-08-23T12:18:43","modified_gmt":"2023-08-23T12:18:43","slug":"corporate","status":"publish","type":"page","link":"https:\/\/aniventi.com\/en\/corporate\/","title":{"rendered":"Corporate"},"content":{"rendered":"\t\t<div data-elementor-type=\"wp-page\" data-elementor-id=\"89117\" class=\"elementor elementor-89117\" data-elementor-post-type=\"page\">\n\t\t\t\t\t\t<section data-ha-partstyle=\"default\" data-ha-partcolor=\"\" data-ha-partopacity=\"0\" data-ha-partdirection=\"bottom\" data-ha-partnum=\"75\" data-ha-partsize=\"\" data-ha-partspeed=\"4\" data-ha-interactive=\"\" class=\"elementor-section elementor-top-section elementor-element elementor-element-40e2c75 ha-particle-yes ha-particle-adv-yes elementor-section-boxed elementor-section-height-default elementor-section-height-default\" data-id=\"40e2c75\" data-element_type=\"section\" data-settings=\"{&quot;background_background&quot;:&quot;classic&quot;,&quot;_ha_eqh_enable&quot;:false}\">\n\t\t\t\t\t\t\t<div class=\"elementor-background-overlay\"><\/div>\n\t\t\t\t\t\t\t<div class=\"elementor-container elementor-column-gap-default\">\n\t\t\t\t\t<div class=\"elementor-column elementor-col-100 elementor-top-column elementor-element elementor-element-812db2c elementor-invisible\" data-id=\"812db2c\" data-element_type=\"column\" data-settings=\"{&quot;background_background&quot;:&quot;classic&quot;,&quot;animation&quot;:&quot;slideInRight&quot;,&quot;animation_delay&quot;:240}\">\n\t\t\t<div class=\"elementor-widget-wrap elementor-element-populated\">\n\t\t\t\t\t\t<section class=\"elementor-section elementor-inner-section elementor-element elementor-element-0c0bcf9 elementor-section-content-middle elementor-section-boxed elementor-section-height-default elementor-section-height-default\" data-id=\"0c0bcf9\" data-element_type=\"section\" data-settings=\"{&quot;background_background&quot;:&quot;classic&quot;,&quot;_ha_eqh_enable&quot;:false}\">\n\t\t\t\t\t\t\t<div class=\"elementor-background-overlay\"><\/div>\n\t\t\t\t\t\t\t<div class=\"elementor-container elementor-column-gap-default\">\n\t\t\t\t\t<div class=\"elementor-column elementor-col-50 elementor-inner-column elementor-element elementor-element-a82cec4\" data-id=\"a82cec4\" data-element_type=\"column\">\n\t\t\t<div class=\"elementor-widget-wrap elementor-element-populated\">\n\t\t\t\t\t\t<div class=\"elementor-element elementor-element-34be9b2 elementor-icon-list--layout-inline elementor-align-left elementor-list-item-link-full_width elementor-widget elementor-widget-icon-list\" data-id=\"34be9b2\" data-element_type=\"widget\" data-widget_type=\"icon-list.default\">\n\t\t\t\t<div class=\"elementor-widget-container\">\n\t\t\t\t\t<ul class=\"elementor-icon-list-items elementor-inline-items\">\n\t\t\t\t\t\t\t<li class=\"elementor-icon-list-item elementor-inline-item\">\n\t\t\t\t\t\t\t\t\t\t\t<a href=\"https:\/\/aniventi.com\/en\/\">\n\n\t\t\t\t\t\t\t\t\t\t\t<span class=\"elementor-icon-list-text\">Anasayfa<\/span>\n\t\t\t\t\t\t\t\t\t\t\t<\/a>\n\t\t\t\t\t\t\t\t\t<\/li>\n\t\t\t\t\t\t\t\t<li class=\"elementor-icon-list-item elementor-inline-item\">\n\t\t\t\t\t\t\t\t\t\t\t<span class=\"elementor-icon-list-icon\">\n\t\t\t\t\t\t\t<i aria-hidden=\"true\" class=\"fas fa-chevron-right\"><\/i>\t\t\t\t\t\t<\/span>\n\t\t\t\t\t\t\t\t\t\t<span class=\"elementor-icon-list-text\">Corporate<\/span>\n\t\t\t\t\t\t\t\t\t<\/li>\n\t\t\t\t\t\t<\/ul>\n\t\t\t\t<\/div>\n\t\t\t\t<\/div>\n\t\t\t\t<div class=\"elementor-element elementor-element-fa4a5cc elementor-widget elementor-widget-heading\" data-id=\"fa4a5cc\" data-element_type=\"widget\" data-widget_type=\"heading.default\">\n\t\t\t\t<div class=\"elementor-widget-container\">\n\t\t\t<h1 class=\"elementor-heading-title elementor-size-default\">Corporate<\/h1>\t\t<\/div>\n\t\t\t\t<\/div>\n\t\t\t\t\t<\/div>\n\t\t<\/div>\n\t\t\t\t<div class=\"elementor-column elementor-col-50 elementor-inner-column elementor-element elementor-element-cbe80e0\" data-id=\"cbe80e0\" data-element_type=\"column\">\n\t\t\t<div class=\"elementor-widget-wrap elementor-element-populated\">\n\t\t\t\t\t\t<div class=\"elementor-element elementor-element-e994c9b elementor-widget elementor-widget-heading\" data-id=\"e994c9b\" data-element_type=\"widget\" data-widget_type=\"heading.default\">\n\t\t\t\t<div class=\"elementor-widget-container\">\n\t\t\t<h3 class=\"elementor-heading-title elementor-size-default\">Ak\u0131ll\u0131 \u00c7\u00f6z\u00fcmlerimizle Gelece\u011fi \u015eekillendirin<\/h3>\t\t<\/div>\n\t\t\t\t<\/div>\n\t\t\t\t\t<\/div>\n\t\t<\/div>\n\t\t\t\t\t<\/div>\n\t\t<\/section>\n\t\t\t\t\t<\/div>\n\t\t<\/div>\n\t\t\t\t\t<\/div>\n\t\t<\/section>\n\t\t\t\t<section class=\"elementor-section elementor-top-section elementor-element elementor-element-7db7b24 elementor-section-boxed elementor-section-height-default elementor-section-height-default elementor-invisible\" data-id=\"7db7b24\" data-element_type=\"section\" data-settings=\"{&quot;background_background&quot;:&quot;classic&quot;,&quot;animation&quot;:&quot;fadeInRight&quot;,&quot;_ha_eqh_enable&quot;:false}\">\n\t\t\t\t\t\t<div class=\"elementor-container elementor-column-gap-default\">\n\t\t\t\t\t<div class=\"elementor-column elementor-col-100 elementor-top-column elementor-element elementor-element-b06a6f9 elementor-invisible\" data-id=\"b06a6f9\" data-element_type=\"column\" data-settings=\"{&quot;animation&quot;:&quot;fadeInLeft&quot;}\">\n\t\t\t<div class=\"elementor-widget-wrap elementor-element-populated\">\n\t\t\t\t\t\t<div class=\"elementor-element elementor-element-589ed12 premium-header-block elementor-widget elementor-widget-premium-addon-dual-header\" data-id=\"589ed12\" data-element_type=\"widget\" data-widget_type=\"premium-addon-dual-header.default\">\n\t\t\t\t<div class=\"elementor-widget-container\">\n\t\t\t\n\t\t\t\t\t<h2 class=\"premium-dual-header-first-header \"><span class=\"premium-dual-header-first-span\">Teknoloji alan\u0131ndaki uzun y\u0131llara dayanan <\/span><span class=\"premium-dual-header-second-header \">Bilgi birikimi ve deneyim!<\/span><\/h2> \t\t\n\t\t\t\t<\/div>\n\t\t\t\t<\/div>\n\t\t\t\t<div class=\"elementor-element elementor-element-826de6d elementor-widget elementor-widget-text-editor\" data-id=\"826de6d\" data-element_type=\"widget\" data-widget_type=\"text-editor.default\">\n\t\t\t\t<div class=\"elementor-widget-container\">\n\t\t\t\t\t\t\t<p>Aniventi, teknoloji alan\u0131ndaki uzun y\u0131llara dayanan bilgi birikimi ve deneyimiyle, m\u00fc\u015fterilerimizin ihtiya\u00e7lar\u0131na \u00f6zelle\u015ftirilmi\u015f yaz\u0131l\u0131m \u00e7\u00f6z\u00fcmleri sunan bir yaz\u0131l\u0131m \u015firketidir. Amac\u0131m\u0131z, m\u00fc\u015fterilerimizin i\u015f s\u00fcre\u00e7lerini daha verimli, etkin ve rekabet\u00e7i hale getirerek ba\u015far\u0131lar\u0131na katk\u0131da bulunmakt\u0131r.<\/p>\t\t\t\t\t\t<\/div>\n\t\t\t\t<\/div>\n\t\t\t\t\t<\/div>\n\t\t<\/div>\n\t\t\t\t\t<\/div>\n\t\t<\/section>\n\t\t\t\t<section class=\"elementor-section elementor-top-section elementor-element elementor-element-176effc elementor-section-boxed elementor-section-height-default elementor-section-height-default elementor-invisible\" data-id=\"176effc\" data-element_type=\"section\" data-settings=\"{&quot;animation&quot;:&quot;fadeInUp&quot;,&quot;background_background&quot;:&quot;classic&quot;,&quot;_ha_eqh_enable&quot;:false}\">\n\t\t\t\t\t\t<div class=\"elementor-container elementor-column-gap-default\">\n\t\t\t\t\t<div class=\"elementor-column elementor-col-100 elementor-top-column elementor-element elementor-element-6b4b080\" data-id=\"6b4b080\" data-element_type=\"column\">\n\t\t\t<div class=\"elementor-widget-wrap elementor-element-populated\">\n\t\t\t\t\t\t<section class=\"elementor-section elementor-inner-section elementor-element elementor-element-2630ed3 elementor-section-boxed elementor-section-height-default elementor-section-height-default\" data-id=\"2630ed3\" data-element_type=\"section\" data-settings=\"{&quot;_ha_eqh_enable&quot;:false}\">\n\t\t\t\t\t\t<div class=\"elementor-container elementor-column-gap-default\">\n\t\t\t\t\t<div class=\"elementor-column elementor-col-25 elementor-inner-column elementor-element elementor-element-79105fe elementor-invisible\" data-id=\"79105fe\" data-element_type=\"column\" data-settings=\"{&quot;animation&quot;:&quot;fadeInDown&quot;}\">\n\t\t\t<div class=\"elementor-widget-wrap elementor-element-populated\">\n\t\t\t\t\t\t<div class=\"elementor-element elementor-element-7011fe5 elementor-widget-mobile__width-inherit ekit-equal-height-enable elementor-widget elementor-widget-elementskit-icon-box\" data-id=\"7011fe5\" data-element_type=\"widget\" data-widget_type=\"elementskit-icon-box.default\">\n\t\t\t\t<div class=\"elementor-widget-container\">\n\t\t\t<div class=\"ekit-wid-con\" >        <!-- link opening -->\n                <!-- end link opening -->\n\n        <div class=\"elementskit-infobox text-center text-center icon-top-align elementor-animation-   \">\n                            <div class=\"elementskit-box-header\">\n                <div class=\"elementskit-info-box-icon \">\n                    <img fetchpriority=\"high\" decoding=\"async\" width=\"2327\" height=\"1324\" src=\"https:\/\/aniventi.com\/wp-content\/uploads\/2023\/08\/hakkimizda@4x.png\" class=\"attachment- size-\" alt=\"\" srcset=\"https:\/\/aniventi.com\/wp-content\/uploads\/2023\/08\/hakkimizda@4x.png 2327w, https:\/\/aniventi.com\/wp-content\/uploads\/2023\/08\/hakkimizda@4x-300x171.png 300w, https:\/\/aniventi.com\/wp-content\/uploads\/2023\/08\/hakkimizda@4x-1024x583.png 1024w, https:\/\/aniventi.com\/wp-content\/uploads\/2023\/08\/hakkimizda@4x-768x437.png 768w, https:\/\/aniventi.com\/wp-content\/uploads\/2023\/08\/hakkimizda@4x-1536x874.png 1536w, https:\/\/aniventi.com\/wp-content\/uploads\/2023\/08\/hakkimizda@4x-2048x1165.png 2048w\" sizes=\"(max-width: 2327px) 100vw, 2327px\" \/>                <\/div>\n          <\/div>\n                <div class=\"box-body\">\n                            <div class=\"elementskit-info-box-title\">\n                    Hakk\u0131m\u0131zda                <\/div>\n                        \t\t  <p>Teknolojiye olan tutkumuzla inovasyon sunuyor, m\u00fc\u015fterilerimizi d\u00f6n\u00fc\u015f\u00fcm\u00fcn merkezine koyuyoruz. Gelece\u011fi birlikte \u015fekillendiriyoruz.<\/p>\n                                        <div class=\"box-footer disable_hover_button\">\n                    <div class=\"btn-wraper\">\n                                                            <a href=\"\/kurumsal\/hakkimizda\/\"  target=\"_self\" rel=\"\" class=\"elementskit-btn whitespace--normal elementor-animation-\">\n                                        Detayl\u0131 \u0130ncele\n                                        <i aria-hidden=\"true\" class=\"fas fa-chevron-right\"><\/i>\n                                    <\/a>\n                                                        <\/div>\n                <\/div>\n                    <\/div>\n        \n        <div class=\"icon-hover\">\n            <i aria-hidden=\"true\" class=\"icon icon-right-mark\"><\/i>        <\/div>\n\n        \n        \n                <\/div>\n        <\/div>\t\t<\/div>\n\t\t\t\t<\/div>\n\t\t\t\t\t<\/div>\n\t\t<\/div>\n\t\t\t\t<div class=\"elementor-column elementor-col-25 elementor-inner-column elementor-element elementor-element-d0ec3fb elementor-invisible\" data-id=\"d0ec3fb\" data-element_type=\"column\" data-settings=\"{&quot;animation&quot;:&quot;fadeInDown&quot;}\">\n\t\t\t<div class=\"elementor-widget-wrap elementor-element-populated\">\n\t\t\t\t\t\t<div class=\"elementor-element elementor-element-a8ff061 elementor-widget-mobile__width-inherit ekit-equal-height-enable elementor-widget elementor-widget-elementskit-icon-box\" data-id=\"a8ff061\" data-element_type=\"widget\" data-widget_type=\"elementskit-icon-box.default\">\n\t\t\t\t<div class=\"elementor-widget-container\">\n\t\t\t<div class=\"ekit-wid-con\" >        <!-- link opening -->\n                <!-- end link opening -->\n\n        <div class=\"elementskit-infobox text-center text-center icon-top-align elementor-animation-   \">\n                            <div class=\"elementskit-box-header\">\n                <div class=\"elementskit-info-box-icon \">\n                    <img decoding=\"async\" width=\"2326\" height=\"1324\" src=\"https:\/\/aniventi.com\/wp-content\/uploads\/2023\/08\/kalite@4x.png\" class=\"attachment- size-\" alt=\"\" srcset=\"https:\/\/aniventi.com\/wp-content\/uploads\/2023\/08\/kalite@4x.png 2326w, https:\/\/aniventi.com\/wp-content\/uploads\/2023\/08\/kalite@4x-300x171.png 300w, https:\/\/aniventi.com\/wp-content\/uploads\/2023\/08\/kalite@4x-1024x583.png 1024w, https:\/\/aniventi.com\/wp-content\/uploads\/2023\/08\/kalite@4x-768x437.png 768w, https:\/\/aniventi.com\/wp-content\/uploads\/2023\/08\/kalite@4x-1536x874.png 1536w, https:\/\/aniventi.com\/wp-content\/uploads\/2023\/08\/kalite@4x-2048x1166.png 2048w\" sizes=\"(max-width: 2326px) 100vw, 2326px\" \/>                <\/div>\n          <\/div>\n                <div class=\"box-body\">\n                            <div class=\"elementskit-info-box-title\">\n                    Kalite Politikam\u0131z                <\/div>\n                        \t\t  <p>M\u00fc\u015fteri memnuniyetini odak noktam\u0131zda tutarak \u00fcst\u00fcn kalite standartlar\u0131nda en iyi hizmeti sunmak i\u00e7in \u00e7aba g\u00f6steriyoruz.<\/p>\n                                        <div class=\"box-footer disable_hover_button\">\n                    <div class=\"btn-wraper\">\n                                                            <a href=\"\/kurumsal\/kalite-politikamiz\/\"  target=\"_self\" rel=\"\" class=\"elementskit-btn whitespace--normal elementor-animation-\">\n                                        Detayl\u0131 \u0130ncele\n                                        <i aria-hidden=\"true\" class=\"fas fa-chevron-right\"><\/i>\n                                    <\/a>\n                                                        <\/div>\n                <\/div>\n                    <\/div>\n        \n        <div class=\"icon-hover\">\n            <i aria-hidden=\"true\" class=\"icon icon-right-mark\"><\/i>        <\/div>\n\n        \n        \n                <\/div>\n        <\/div>\t\t<\/div>\n\t\t\t\t<\/div>\n\t\t\t\t\t<\/div>\n\t\t<\/div>\n\t\t\t\t<div class=\"elementor-column elementor-col-25 elementor-inner-column elementor-element elementor-element-4520c87 elementor-invisible\" data-id=\"4520c87\" data-element_type=\"column\" data-settings=\"{&quot;animation&quot;:&quot;fadeInDown&quot;}\">\n\t\t\t<div class=\"elementor-widget-wrap elementor-element-populated\">\n\t\t\t\t\t\t<div class=\"elementor-element elementor-element-987edee elementor-widget-mobile__width-inherit ekit-equal-height-enable elementor-widget elementor-widget-elementskit-icon-box\" data-id=\"987edee\" data-element_type=\"widget\" data-widget_type=\"elementskit-icon-box.default\">\n\t\t\t\t<div class=\"elementor-widget-container\">\n\t\t\t<div class=\"ekit-wid-con\" >        <!-- link opening -->\n                <!-- end link opening -->\n\n        <div class=\"elementskit-infobox text-center text-center icon-top-align elementor-animation-   \">\n                            <div class=\"elementskit-box-header\">\n                <div class=\"elementskit-info-box-icon \">\n                    <img decoding=\"async\" width=\"2327\" height=\"1324\" src=\"https:\/\/aniventi.com\/wp-content\/uploads\/2023\/08\/referanslarimiz@4x.png\" class=\"attachment- size-\" alt=\"\" srcset=\"https:\/\/aniventi.com\/wp-content\/uploads\/2023\/08\/referanslarimiz@4x.png 2327w, https:\/\/aniventi.com\/wp-content\/uploads\/2023\/08\/referanslarimiz@4x-300x171.png 300w, https:\/\/aniventi.com\/wp-content\/uploads\/2023\/08\/referanslarimiz@4x-1024x583.png 1024w, https:\/\/aniventi.com\/wp-content\/uploads\/2023\/08\/referanslarimiz@4x-768x437.png 768w, https:\/\/aniventi.com\/wp-content\/uploads\/2023\/08\/referanslarimiz@4x-1536x874.png 1536w, https:\/\/aniventi.com\/wp-content\/uploads\/2023\/08\/referanslarimiz@4x-2048x1165.png 2048w\" sizes=\"(max-width: 2327px) 100vw, 2327px\" \/>                <\/div>\n          <\/div>\n                <div class=\"box-body\">\n                            <div class=\"elementskit-info-box-title\">\n                    Referanslar\u0131m\u0131z                <\/div>\n                        \t\t  <p>\u00c7e\u015fitli sekt\u00f6rlerden m\u00fc\u015fterilerimizle yapt\u0131\u011f\u0131m\u0131z i\u015fbirliklerini ve ba\u015far\u0131 hikayelerini ke\u015ffedin. G\u00fcvenilir partnerlerimizle gurur duyuyoruz.<\/p>\n                                        <div class=\"box-footer disable_hover_button\">\n                    <div class=\"btn-wraper\">\n                                                            <a href=\"\/kurumsal\/referanslarimiz\/\"  target=\"_self\" rel=\"\" class=\"elementskit-btn whitespace--normal elementor-animation-\">\n                                        Detayl\u0131 \u0130ncele\n                                        <i aria-hidden=\"true\" class=\"fas fa-chevron-right\"><\/i>\n                                    <\/a>\n                                                        <\/div>\n                <\/div>\n                    <\/div>\n        \n        <div class=\"icon-hover\">\n            <i aria-hidden=\"true\" class=\"icon icon-right-mark\"><\/i>        <\/div>\n\n        \n        \n                <\/div>\n        <\/div>\t\t<\/div>\n\t\t\t\t<\/div>\n\t\t\t\t\t<\/div>\n\t\t<\/div>\n\t\t\t\t<div class=\"elementor-column elementor-col-25 elementor-inner-column elementor-element elementor-element-357efca elementor-invisible\" data-id=\"357efca\" data-element_type=\"column\" data-settings=\"{&quot;animation&quot;:&quot;fadeInDown&quot;}\">\n\t\t\t<div class=\"elementor-widget-wrap elementor-element-populated\">\n\t\t\t\t\t\t<div class=\"elementor-element elementor-element-9b9788a elementor-widget-mobile__width-inherit ekit-equal-height-enable elementor-widget elementor-widget-elementskit-icon-box\" data-id=\"9b9788a\" data-element_type=\"widget\" data-widget_type=\"elementskit-icon-box.default\">\n\t\t\t\t<div class=\"elementor-widget-container\">\n\t\t\t<div class=\"ekit-wid-con\" >        <!-- link opening -->\n                <!-- end link opening -->\n\n        <div class=\"elementskit-infobox text-center text-center icon-top-align elementor-animation-   \">\n                            <div class=\"elementskit-box-header\">\n                <div class=\"elementskit-info-box-icon \">\n                    <img loading=\"lazy\" decoding=\"async\" width=\"2326\" height=\"1324\" src=\"https:\/\/aniventi.com\/wp-content\/uploads\/2023\/08\/kariyer@4x.png\" class=\"attachment- size-\" alt=\"\" srcset=\"https:\/\/aniventi.com\/wp-content\/uploads\/2023\/08\/kariyer@4x.png 2326w, https:\/\/aniventi.com\/wp-content\/uploads\/2023\/08\/kariyer@4x-300x171.png 300w, https:\/\/aniventi.com\/wp-content\/uploads\/2023\/08\/kariyer@4x-1024x583.png 1024w, https:\/\/aniventi.com\/wp-content\/uploads\/2023\/08\/kariyer@4x-768x437.png 768w, https:\/\/aniventi.com\/wp-content\/uploads\/2023\/08\/kariyer@4x-1536x874.png 1536w, https:\/\/aniventi.com\/wp-content\/uploads\/2023\/08\/kariyer@4x-2048x1166.png 2048w\" sizes=\"(max-width: 2326px) 100vw, 2326px\" \/>                <\/div>\n          <\/div>\n                <div class=\"box-body\">\n                            <div class=\"elementskit-info-box-title\">\n                    Kariyer                <\/div>\n                        \t\t  <p>Yetenekli bireylerle g\u00fc\u00e7l\u00fc bir ekip olu\u015fturmak i\u00e7in Kariyer f\u0131rsatlar\u0131m\u0131z\u0131 ke\u015ffedin. \u0130novasyona kat\u0131l\u0131n, b\u00fcy\u00fcmeye yol a\u00e7\u0131n.<\/p>\n                                        <div class=\"box-footer disable_hover_button\">\n                    <div class=\"btn-wraper\">\n                                                            <a href=\"\/kurumsal\/kariyer\/\"  target=\"_self\" rel=\"\" class=\"elementskit-btn whitespace--normal elementor-animation-\">\n                                        Detayl\u0131 \u0130ncele\n                                        <i aria-hidden=\"true\" class=\"fas fa-chevron-right\"><\/i>\n                                    <\/a>\n                                                        <\/div>\n                <\/div>\n                    <\/div>\n        \n        <div class=\"icon-hover\">\n            <i aria-hidden=\"true\" class=\"icon icon-right-mark\"><\/i>        <\/div>\n\n        \n        \n                <\/div>\n        <\/div>\t\t<\/div>\n\t\t\t\t<\/div>\n\t\t\t\t\t<\/div>\n\t\t<\/div>\n\t\t\t\t\t<\/div>\n\t\t<\/section>\n\t\t\t\t\t<\/div>\n\t\t<\/div>\n\t\t\t\t\t<\/div>\n\t\t<\/section>\n\t\t\t\t<\/div>\n\t\t","protected":false},"excerpt":{"rendered":"<p>Home Ak\u0131ll\u0131 \u00c7\u00f6z\u00fcmlerimizle Gelece\u011fi \u015eekillendirin Teknoloji alan\u0131ndaki uzun y\u0131llara dayanan Bilgi birikimi ve deneyim! Aniventi is a software company that offers customized software solutions tailored to the needs of our clients, backed by years of experience and expertise in the field of technology. Amac\u0131m\u0131z, m\u00fc\u015fterilerimizin i\u015f s\u00fcre\u00e7lerini daha verimli, etkin ve rekabet\u00e7i hale getirerek ba\u015far\u0131lar\u0131na [&hellip;]<\/p>\n","protected":false},"author":1,"featured_media":0,"parent":0,"menu_order":0,"comment_status":"closed","ping_status":"closed","template":"","meta":{"footnotes":""},"class_list":["post-89117","page","type-page","status-publish","hentry"],"aioseo_notices":[],"_links":{"self":[{"href":"https:\/\/aniventi.com\/en\/wp-json\/wp\/v2\/pages\/89117","targetHints":{"allow":["GET"]}}],"collection":[{"href":"https:\/\/aniventi.com\/en\/wp-json\/wp\/v2\/pages"}],"about":[{"href":"https:\/\/aniventi.com\/en\/wp-json\/wp\/v2\/types\/page"}],"author":[{"embeddable":true,"href":"https:\/\/aniventi.com\/en\/wp-json\/wp\/v2\/users\/1"}],"replies":[{"embeddable":true,"href":"https:\/\/aniventi.com\/en\/wp-json\/wp\/v2\/comments?post=89117"}],"version-history":[{"count":0,"href":"https:\/\/aniventi.com\/en\/wp-json\/wp\/v2\/pages\/89117\/revisions"}],"wp:attachment":[{"href":"https:\/\/aniventi.com\/en\/wp-json\/wp\/v2\/media?parent=89117"}],"curies":[{"name":"wp","href":"https:\/\/api.w.org\/{rel}","templated":true}]}}