{"id":89124,"date":"2024-11-17T18:01:52","date_gmt":"2024-11-17T18:01:52","guid":{"rendered":"https:\/\/aniventi.com\/rfid-solutions\/"},"modified":"2025-08-17T13:45:51","modified_gmt":"2025-08-17T13:45:51","slug":"rfid-solutions","status":"publish","type":"page","link":"https:\/\/aniventi.com\/en\/rfid-solutions\/","title":{"rendered":"RFID Solutions"},"content":{"rendered":"\t\t<div data-elementor-type=\"wp-page\" data-elementor-id=\"89124\" class=\"elementor elementor-89124\" data-elementor-post-type=\"page\">\n\t\t\t\t\t\t<section data-ha-partstyle=\"default\" data-ha-partcolor=\"\" data-ha-partopacity=\"0\" data-ha-partdirection=\"bottom\" data-ha-partnum=\"75\" data-ha-partsize=\"\" data-ha-partspeed=\"4\" data-ha-interactive=\"\" class=\"elementor-section elementor-top-section elementor-element elementor-element-0a5d873 ha-particle-yes ha-particle-adv-yes elementor-section-boxed elementor-section-height-default elementor-section-height-default\" data-id=\"0a5d873\" data-element_type=\"section\" data-settings=\"{&quot;background_background&quot;:&quot;classic&quot;,&quot;_ha_eqh_enable&quot;:false}\">\n\t\t\t\t\t\t\t<div class=\"elementor-background-overlay\"><\/div>\n\t\t\t\t\t\t\t<div class=\"elementor-container elementor-column-gap-default\">\n\t\t\t\t\t<div class=\"elementor-column elementor-col-100 elementor-top-column elementor-element elementor-element-3516b685 elementor-invisible\" data-id=\"3516b685\" data-element_type=\"column\" data-settings=\"{&quot;background_background&quot;:&quot;classic&quot;,&quot;animation&quot;:&quot;slideInRight&quot;,&quot;animation_delay&quot;:240}\">\n\t\t\t<div class=\"elementor-widget-wrap elementor-element-populated\">\n\t\t\t\t\t\t<section class=\"elementor-section elementor-inner-section elementor-element elementor-element-70ed8358 elementor-section-content-middle elementor-section-boxed elementor-section-height-default elementor-section-height-default\" data-id=\"70ed8358\" data-element_type=\"section\" data-settings=\"{&quot;background_background&quot;:&quot;classic&quot;,&quot;_ha_eqh_enable&quot;:false}\">\n\t\t\t\t\t\t\t<div class=\"elementor-background-overlay\"><\/div>\n\t\t\t\t\t\t\t<div class=\"elementor-container elementor-column-gap-default\">\n\t\t\t\t\t<div class=\"elementor-column elementor-col-100 elementor-inner-column elementor-element elementor-element-1710feb3\" data-id=\"1710feb3\" data-element_type=\"column\">\n\t\t\t<div class=\"elementor-widget-wrap elementor-element-populated\">\n\t\t\t\t\t\t<div class=\"elementor-element elementor-element-3f1604ee elementor-icon-list--layout-inline elementor-align-left elementor-list-item-link-full_width elementor-widget elementor-widget-icon-list\" data-id=\"3f1604ee\" data-element_type=\"widget\" data-widget_type=\"icon-list.default\">\n\t\t\t\t<div class=\"elementor-widget-container\">\n\t\t\t\t\t<ul class=\"elementor-icon-list-items elementor-inline-items\">\n\t\t\t\t\t\t\t<li class=\"elementor-icon-list-item elementor-inline-item\">\n\t\t\t\t\t\t\t\t\t\t\t<a href=\"https:\/\/aniventi.com\/en\/\">\n\n\t\t\t\t\t\t\t\t\t\t\t<span class=\"elementor-icon-list-text\">Anasayfa<\/span>\n\t\t\t\t\t\t\t\t\t\t\t<\/a>\n\t\t\t\t\t\t\t\t\t<\/li>\n\t\t\t\t\t\t\t\t<li class=\"elementor-icon-list-item elementor-inline-item\">\n\t\t\t\t\t\t\t\t\t\t\t<span class=\"elementor-icon-list-icon\">\n\t\t\t\t\t\t\t<i aria-hidden=\"true\" class=\"fas fa-chevron-right\"><\/i>\t\t\t\t\t\t<\/span>\n\t\t\t\t\t\t\t\t\t\t<span class=\"elementor-icon-list-text\">RFID Solutions<\/span>\n\t\t\t\t\t\t\t\t\t<\/li>\n\t\t\t\t\t\t<\/ul>\n\t\t\t\t<\/div>\n\t\t\t\t<\/div>\n\t\t\t\t<div class=\"elementor-element elementor-element-42a4c603 elementor-widget elementor-widget-heading\" data-id=\"42a4c603\" data-element_type=\"widget\" data-widget_type=\"heading.default\">\n\t\t\t\t<div class=\"elementor-widget-container\">\n\t\t\t<h1 class=\"elementor-heading-title elementor-size-default\">RFID \u00c7\u00f6z\u00fcmleri<\/h1>\t\t<\/div>\n\t\t\t\t<\/div>\n\t\t\t\t\t<\/div>\n\t\t<\/div>\n\t\t\t\t\t<\/div>\n\t\t<\/section>\n\t\t\t\t\t<\/div>\n\t\t<\/div>\n\t\t\t\t\t<\/div>\n\t\t<\/section>\n\t\t\t\t<section class=\"elementor-section elementor-top-section elementor-element elementor-element-bdb3a4f elementor-section-boxed elementor-section-height-default elementor-section-height-default\" data-id=\"bdb3a4f\" data-element_type=\"section\" data-settings=\"{&quot;_ha_eqh_enable&quot;:false}\">\n\t\t\t\t\t\t<div class=\"elementor-container elementor-column-gap-default\">\n\t\t\t\t\t<div class=\"elementor-column elementor-col-100 elementor-top-column elementor-element elementor-element-74b0161a\" data-id=\"74b0161a\" data-element_type=\"column\">\n\t\t\t<div class=\"elementor-widget-wrap elementor-element-populated\">\n\t\t\t\t\t\t<div class=\"elementor-element elementor-element-6bb79b94 elementor-widget elementor-widget-text-editor\" data-id=\"6bb79b94\" data-element_type=\"widget\" data-widget_type=\"text-editor.default\">\n\t\t\t\t<div class=\"elementor-widget-container\">\n\t\t\t\t\t\t\t<p>RFID (Radio Frequency Identification)**, varl\u0131klar\u0131n, \u00fcr\u00fcnlerin veya ki\u015filerin radyo frekans\u0131 kullanarak kablosuz bir \u015fekilde tan\u0131mlanmas\u0131n\u0131 ve izlenmesini sa\u011flayan bir teknolojidir. **Aniventi** olarak, RFID \u00e7\u00f6z\u00fcmlerimizle i\u015fletmelerin verimliliklerini art\u0131rmalar\u0131na, envanterlerini y\u00f6netmelerine ve operasyonel s\u00fcre\u00e7lerini daha verimli hale getirmelerine yard\u0131mc\u0131 oluyoruz. RFID, sadece \u00fcr\u00fcn takipten depo y\u00f6netimine kadar geni\u015f bir yelpazede uygulama alan\u0131 bulur, ayn\u0131 zamanda i\u015fletmelerin maliyetlerini d\u00fc\u015f\u00fcrmelerine olanak tan\u0131r.<\/p>\t\t\t\t\t\t<\/div>\n\t\t\t\t<\/div>\n\t\t\t\t<section class=\"elementor-section elementor-inner-section elementor-element elementor-element-a6b4d49 elementor-section-boxed elementor-section-height-default elementor-section-height-default\" data-id=\"a6b4d49\" data-element_type=\"section\" data-settings=\"{&quot;_ha_eqh_enable&quot;:false}\">\n\t\t\t\t\t\t<div class=\"elementor-container elementor-column-gap-default\">\n\t\t\t\t\t<div class=\"elementor-column elementor-col-50 elementor-inner-column elementor-element elementor-element-461281f\" data-id=\"461281f\" data-element_type=\"column\">\n\t\t\t<div class=\"elementor-widget-wrap elementor-element-populated\">\n\t\t\t\t\t\t<div class=\"elementor-element elementor-element-cfa72cf elementor-widget__width-initial elementor-widget elementor-widget-text-editor\" data-id=\"cfa72cf\" data-element_type=\"widget\" data-widget_type=\"text-editor.default\">\n\t\t\t\t<div class=\"elementor-widget-container\">\n\t\t\t\t\t\t\t<h3><strong>RFID \u00c7\u00f6z\u00fcmlerimizin Avantajlar\u0131:<\/strong><\/h3><p>\u00a0<\/p><ul><li>H\u0131zl\u0131 ve Hassas Takip: RFID etiketleri, \u00fcr\u00fcnlerin ve varl\u0131klar\u0131n konumlar\u0131n\u0131 h\u0131zl\u0131 ve do\u011fru bir \u015fekilde izler. Barkod sistemlerinden \u00e7ok daha h\u0131zl\u0131 \u00e7al\u0131\u015farak, s\u00fcre\u00e7lerinizi h\u0131zland\u0131r\u0131r.<\/li><li>Envanter Y\u00f6netimi: Ger\u00e7ek zamanl\u0131 envanter izleme ile stok hatalar\u0131n\u0131 ve eksikliklerini minimize edebilirsiniz. Otomatik envanter g\u00fcncellemeleri ile manuel m\u00fcdahaleye gerek kalmaz, b\u00f6ylece hata oranlar\u0131 d\u00fc\u015fer.<\/li><li>Kay\u0131p ve \u00c7al\u0131nt\u0131 \u00d6nleme: RFID teknolojisi, de\u011ferli varl\u0131klar\u0131n kaybolmas\u0131n\u0131 veya \u00e7al\u0131nmas\u0131n\u0131 engellemeye yard\u0131mc\u0131 olur. Etiketlenen varl\u0131klar her zaman izlenebilir, bu da g\u00fcvenli\u011fi art\u0131r\u0131r.<\/li><li>\u0130\u015flem H\u0131z\u0131n\u0131n Art\u0131r\u0131lmas\u0131: RFID etiketleri, okutma i\u015flemi i\u00e7in herhangi bir g\u00f6rsel temas gerektirmez. Bu sayede i\u015flem s\u00fcreleri \u00f6nemli \u00f6l\u00e7\u00fcde k\u0131sal\u0131r, b\u00fcy\u00fck hacimli i\u015flemler h\u0131zla tamamlan\u0131r.<\/li><li>Veri Toplama ve Raporlama: RFID sistemleri, t\u00fcm s\u00fcre\u00e7ler hakk\u0131nda anl\u0131k veri toplayarak raporlama yapman\u0131za olanak tan\u0131r. Bu veriler, i\u015f s\u00fcre\u00e7lerinizi analiz etmenizi ve s\u00fcrekli iyile\u015ftirmenizi sa\u011flar.<\/li><\/ul>\t\t\t\t\t\t<\/div>\n\t\t\t\t<\/div>\n\t\t\t\t\t<\/div>\n\t\t<\/div>\n\t\t\t\t<div class=\"elementor-column elementor-col-50 elementor-inner-column elementor-element elementor-element-79d6747\" data-id=\"79d6747\" data-element_type=\"column\">\n\t\t\t<div class=\"elementor-widget-wrap elementor-element-populated\">\n\t\t\t\t\t\t<div class=\"elementor-element elementor-element-d07e1e8 elementor-widget elementor-widget-image\" data-id=\"d07e1e8\" data-element_type=\"widget\" data-widget_type=\"image.default\">\n\t\t\t\t<div class=\"elementor-widget-container\">\n\t\t\t\t\t\t\t\t\t\t\t\t\t<img fetchpriority=\"high\" decoding=\"async\" width=\"800\" height=\"420\" src=\"https:\/\/aniventi.com\/wp-content\/uploads\/2024\/11\/rfid-pictograms-1024x538.jpeg\" class=\"attachment-large size-large wp-image-88943\" alt=\"\" srcset=\"https:\/\/aniventi.com\/wp-content\/uploads\/2024\/11\/rfid-pictograms-1024x538.jpeg 1024w, https:\/\/aniventi.com\/wp-content\/uploads\/2024\/11\/rfid-pictograms-300x158.jpeg 300w, https:\/\/aniventi.com\/wp-content\/uploads\/2024\/11\/rfid-pictograms-768x403.jpeg 768w, https:\/\/aniventi.com\/wp-content\/uploads\/2024\/11\/rfid-pictograms.jpeg 1200w\" sizes=\"(max-width: 800px) 100vw, 800px\" \/>\t\t\t\t\t\t\t\t\t\t\t\t\t<\/div>\n\t\t\t\t<\/div>\n\t\t\t\t<div class=\"elementor-element elementor-element-b98db9d elementor-widget elementor-widget-image\" data-id=\"b98db9d\" data-element_type=\"widget\" data-widget_type=\"image.default\">\n\t\t\t\t<div class=\"elementor-widget-container\">\n\t\t\t\t\t\t\t\t\t\t\t\t\t<img decoding=\"async\" width=\"540\" height=\"315\" src=\"https:\/\/aniventi.com\/wp-content\/uploads\/2024\/11\/rfid-sisteminin-calisma-prensipleri-a170.jpg\" class=\"attachment-large size-large wp-image-88935\" alt=\"\" srcset=\"https:\/\/aniventi.com\/wp-content\/uploads\/2024\/11\/rfid-sisteminin-calisma-prensipleri-a170.jpg 540w, https:\/\/aniventi.com\/wp-content\/uploads\/2024\/11\/rfid-sisteminin-calisma-prensipleri-a170-300x175.jpg 300w\" sizes=\"(max-width: 540px) 100vw, 540px\" \/>\t\t\t\t\t\t\t\t\t\t\t\t\t<\/div>\n\t\t\t\t<\/div>\n\t\t\t\t\t<\/div>\n\t\t<\/div>\n\t\t\t\t\t<\/div>\n\t\t<\/section>\n\t\t\t\t<section class=\"elementor-section elementor-inner-section elementor-element elementor-element-dab6b1a elementor-section-boxed elementor-section-height-default elementor-section-height-default\" data-id=\"dab6b1a\" data-element_type=\"section\" data-settings=\"{&quot;_ha_eqh_enable&quot;:false}\">\n\t\t\t\t\t\t<div class=\"elementor-container elementor-column-gap-default\">\n\t\t\t\t\t<div class=\"elementor-column elementor-col-50 elementor-inner-column elementor-element elementor-element-6b53bf1\" data-id=\"6b53bf1\" data-element_type=\"column\">\n\t\t\t<div class=\"elementor-widget-wrap elementor-element-populated\">\n\t\t\t\t\t\t<div class=\"elementor-element elementor-element-36a9040 elementor-widget elementor-widget-image\" data-id=\"36a9040\" data-element_type=\"widget\" data-widget_type=\"image.default\">\n\t\t\t\t<div class=\"elementor-widget-container\">\n\t\t\t\t\t\t\t\t\t\t\t\t\t<img decoding=\"async\" width=\"800\" height=\"450\" src=\"https:\/\/aniventi.com\/wp-content\/uploads\/2024\/11\/1681907829835.jpg\" class=\"attachment-large size-large wp-image-88939\" alt=\"\" srcset=\"https:\/\/aniventi.com\/wp-content\/uploads\/2024\/11\/1681907829835.jpg 800w, https:\/\/aniventi.com\/wp-content\/uploads\/2024\/11\/1681907829835-300x169.jpg 300w, https:\/\/aniventi.com\/wp-content\/uploads\/2024\/11\/1681907829835-768x432.jpg 768w\" sizes=\"(max-width: 800px) 100vw, 800px\" \/>\t\t\t\t\t\t\t\t\t\t\t\t\t<\/div>\n\t\t\t\t<\/div>\n\t\t\t\t<div class=\"elementor-element elementor-element-60b29a7 elementor-widget elementor-widget-image\" data-id=\"60b29a7\" data-element_type=\"widget\" data-widget_type=\"image.default\">\n\t\t\t\t<div class=\"elementor-widget-container\">\n\t\t\t\t\t\t\t\t\t\t\t\t\t<img loading=\"lazy\" decoding=\"async\" width=\"706\" height=\"398\" src=\"https:\/\/aniventi.com\/wp-content\/uploads\/2024\/11\/sl-column_0324.jpg\" class=\"attachment-large size-large wp-image-88931\" alt=\"\" srcset=\"https:\/\/aniventi.com\/wp-content\/uploads\/2024\/11\/sl-column_0324.jpg 706w, https:\/\/aniventi.com\/wp-content\/uploads\/2024\/11\/sl-column_0324-300x169.jpg 300w\" sizes=\"(max-width: 706px) 100vw, 706px\" \/>\t\t\t\t\t\t\t\t\t\t\t\t\t<\/div>\n\t\t\t\t<\/div>\n\t\t\t\t\t<\/div>\n\t\t<\/div>\n\t\t\t\t<div class=\"elementor-column elementor-col-50 elementor-inner-column elementor-element elementor-element-16a7aad\" data-id=\"16a7aad\" data-element_type=\"column\">\n\t\t\t<div class=\"elementor-widget-wrap elementor-element-populated\">\n\t\t\t\t\t\t<div class=\"elementor-element elementor-element-2d47d20 elementor-widget elementor-widget-text-editor\" data-id=\"2d47d20\" data-element_type=\"widget\" data-widget_type=\"text-editor.default\">\n\t\t\t\t<div class=\"elementor-widget-container\">\n\t\t\t\t\t\t\t<h3>RFID \u00c7\u00f6z\u00fcmleri Uygulama Alanlar\u0131:<\/h3><ul><li>Lojistik ve Depo Y\u00f6netimi: RFID, \u00fcr\u00fcnlerin ve varl\u0131klar\u0131n depolama, sevkiyat ve envanter takibini kolayla\u015ft\u0131r\u0131r. Depolama alanlar\u0131ndaki verimlili\u011fi art\u0131r\u0131r ve stok hatalar\u0131n\u0131 minimize eder.<\/li><li>Perakende ve Stok Takibi: Perakende ma\u011fazalar\u0131nda, RFID ile \u00fcr\u00fcn takibini ger\u00e7ek zamanl\u0131 yapabilir, stok seviyelerini otomatik olarak izleyebilirsiniz. Ayr\u0131ca, m\u00fc\u015fterilerin daha h\u0131zl\u0131 al\u0131\u015fveri\u015f yapabilmesi i\u00e7in RFID etiketleri ile \u00f6deme s\u00fcre\u00e7lerini h\u0131zland\u0131rabilirsiniz.<\/li><li>Varl\u0131k Y\u00f6netimi ve Takip: End\u00fcstriyel alanlarda, t\u0131bbi cihazlardan IT ekipmanlar\u0131na kadar her t\u00fcrl\u00fc de\u011ferli varl\u0131\u011f\u0131n do\u011fru bir \u015fekilde izlenmesi i\u00e7in RFID \u00e7\u00f6z\u00fcmlerini kullanabilirsiniz. Bu, bak\u0131m s\u00fcre\u00e7lerini iyile\u015ftirir ve kay\u0131p varl\u0131klar\u0131n \u00f6n\u00fcne ge\u00e7er.<\/li><li>Hastane ve Sa\u011fl\u0131k Sekt\u00f6r\u00fc: RFID, t\u0131bbi cihazlar\u0131n, ila\u00e7lar\u0131n ve hasta takibinin do\u011fru bir \u015fekilde yap\u0131lmas\u0131na olanak tan\u0131r. \u00d6zellikle hastanelerde hasta g\u00fcvenli\u011fini art\u0131r\u0131r, ila\u00e7 takibini kolayla\u015ft\u0131r\u0131r.<\/li><li>Savunma Sanayii: RFID Silah, M\u00fchimmat ve Te\u00e7hizat takibinde ilk ve tek Yerli &amp; Milli firma olan Aniventi A.\u015e. D\u00fcnya \u00fczerinde ABD Savunma Bakanl\u0131\u011f\u0131\u2019na RFID sistemleri yapan ilk ve tek yerli firma ve D\u00fcnya \u00fczerindeki 4 firmadan birisidir.<\/li><\/ul>\t\t\t\t\t\t<\/div>\n\t\t\t\t<\/div>\n\t\t\t\t\t<\/div>\n\t\t<\/div>\n\t\t\t\t\t<\/div>\n\t\t<\/section>\n\t\t\t\t<section class=\"elementor-section elementor-inner-section elementor-element elementor-element-aaf7f57 elementor-section-boxed elementor-section-height-default elementor-section-height-default\" data-id=\"aaf7f57\" data-element_type=\"section\" data-settings=\"{&quot;_ha_eqh_enable&quot;:false}\">\n\t\t\t\t\t\t<div class=\"elementor-container elementor-column-gap-default\">\n\t\t\t\t\t<div class=\"elementor-column elementor-col-50 elementor-inner-column elementor-element elementor-element-f943186\" data-id=\"f943186\" data-element_type=\"column\">\n\t\t\t<div class=\"elementor-widget-wrap elementor-element-populated\">\n\t\t\t\t\t\t<div class=\"elementor-element elementor-element-4052c02 elementor-widget__width-initial elementor-widget elementor-widget-text-editor\" data-id=\"4052c02\" data-element_type=\"widget\" data-widget_type=\"text-editor.default\">\n\t\t\t\t<div class=\"elementor-widget-container\">\n\t\t\t\t\t\t\t<h3><strong>RFID Etiket \u00c7e\u015fitleri:<\/strong><\/h3><p>Aniventi, farkl\u0131 sekt\u00f6rlerin ihtiya\u00e7lar\u0131na g\u00f6re \u00e7e\u015fitlendirilmi\u015f RFID etiketleri sunar. Bu etiketler, dayan\u0131kl\u0131, su ge\u00e7irmez, s\u0131cakl\u0131k ve \u00e7evresel etmenlere kar\u015f\u0131 diren\u00e7li olabilir. Ayr\u0131ca, d\u00fc\u015f\u00fck maliyetli etiketlerden y\u00fcksek g\u00fcvenlikli, uzun menzilli etiketlere kadar geni\u015f bir se\u00e7enek yelpazesiyle hizmet sunmaktay\u0131z.<\/p><p>\u00a0<\/p><p>Aniventi RFID \u00e7\u00f6z\u00fcmleri ile i\u015f s\u00fcre\u00e7lerinizi daha g\u00fcvenli, h\u0131zl\u0131 ve verimli hale getirebilirsiniz. Teknolojimiz hakk\u0131nda daha fazla bilgi almak ve size \u00f6zel bir \u00e7\u00f6z\u00fcm \u00f6nerisi almak i\u00e7in bizimle ileti\u015fime ge\u00e7ebilirsiniz.<\/p>\t\t\t\t\t\t<\/div>\n\t\t\t\t<\/div>\n\t\t\t\t\t<\/div>\n\t\t<\/div>\n\t\t\t\t<div class=\"elementor-column elementor-col-50 elementor-inner-column elementor-element elementor-element-df2374c\" data-id=\"df2374c\" data-element_type=\"column\">\n\t\t\t<div class=\"elementor-widget-wrap elementor-element-populated\">\n\t\t\t\t\t\t<div class=\"elementor-element elementor-element-9458381 elementor-widget elementor-widget-image\" data-id=\"9458381\" data-element_type=\"widget\" data-widget_type=\"image.default\">\n\t\t\t\t<div class=\"elementor-widget-container\">\n\t\t\t\t\t\t\t\t\t\t\t\t\t<img loading=\"lazy\" decoding=\"async\" width=\"640\" height=\"360\" src=\"https:\/\/aniventi.com\/wp-content\/uploads\/2024\/11\/640x360.jpg\" class=\"attachment-large size-large wp-image-88947\" alt=\"\" srcset=\"https:\/\/aniventi.com\/wp-content\/uploads\/2024\/11\/640x360.jpg 640w, https:\/\/aniventi.com\/wp-content\/uploads\/2024\/11\/640x360-300x169.jpg 300w\" sizes=\"(max-width: 640px) 100vw, 640px\" \/>\t\t\t\t\t\t\t\t\t\t\t\t\t<\/div>\n\t\t\t\t<\/div>\n\t\t\t\t\t<\/div>\n\t\t<\/div>\n\t\t\t\t\t<\/div>\n\t\t<\/section>\n\t\t\t\t\t<\/div>\n\t\t<\/div>\n\t\t\t\t\t<\/div>\n\t\t<\/section>\n\t\t\t\t<\/div>\n\t\t","protected":false},"excerpt":{"rendered":"<p>Home RFID Solutions RFID (Radio Frequency Identification) is a technology that enables the wireless identification and tracking of assets, products, or individuals using radio frequency signals. **Aniventi** olarak, RFID \u00e7\u00f6z\u00fcmlerimizle i\u015fletmelerin verimliliklerini art\u0131rmalar\u0131na, envanterlerini y\u00f6netmelerine ve operasyonel s\u00fcre\u00e7lerini daha verimli hale getirmelerine yard\u0131mc\u0131 oluyoruz. RFID, sadece \u00fcr\u00fcn takipten depo y\u00f6netimine kadar geni\u015f bir yelpazede uygulama [&hellip;]<\/p>\n","protected":false},"author":1,"featured_media":0,"parent":0,"menu_order":0,"comment_status":"closed","ping_status":"closed","template":"","meta":{"footnotes":""},"class_list":["post-89124","page","type-page","status-publish","hentry"],"aioseo_notices":[],"_links":{"self":[{"href":"https:\/\/aniventi.com\/en\/wp-json\/wp\/v2\/pages\/89124","targetHints":{"allow":["GET"]}}],"collection":[{"href":"https:\/\/aniventi.com\/en\/wp-json\/wp\/v2\/pages"}],"about":[{"href":"https:\/\/aniventi.com\/en\/wp-json\/wp\/v2\/types\/page"}],"author":[{"embeddable":true,"href":"https:\/\/aniventi.com\/en\/wp-json\/wp\/v2\/users\/1"}],"replies":[{"embeddable":true,"href":"https:\/\/aniventi.com\/en\/wp-json\/wp\/v2\/comments?post=89124"}],"version-history":[{"count":1,"href":"https:\/\/aniventi.com\/en\/wp-json\/wp\/v2\/pages\/89124\/revisions"}],"predecessor-version":[{"id":89125,"href":"https:\/\/aniventi.com\/en\/wp-json\/wp\/v2\/pages\/89124\/revisions\/89125"}],"wp:attachment":[{"href":"https:\/\/aniventi.com\/en\/wp-json\/wp\/v2\/media?parent=89124"}],"curies":[{"name":"wp","href":"https:\/\/api.w.org\/{rel}","templated":true}]}}