{"id":89126,"date":"2024-11-17T18:17:43","date_gmt":"2024-11-17T18:17:43","guid":{"rendered":"https:\/\/aniventi.com\/rtls-solutions\/"},"modified":"2024-11-17T18:17:43","modified_gmt":"2024-11-17T18:17:43","slug":"rtls-solutions","status":"publish","type":"page","link":"https:\/\/aniventi.com\/en\/rtls-solutions\/","title":{"rendered":"RTLS Solutions"},"content":{"rendered":"\t\t<div data-elementor-type=\"wp-page\" data-elementor-id=\"89126\" class=\"elementor elementor-89126\" data-elementor-post-type=\"page\">\n\t\t\t\t\t\t<section data-ha-partstyle=\"default\" data-ha-partcolor=\"\" data-ha-partopacity=\"0\" data-ha-partdirection=\"bottom\" data-ha-partnum=\"75\" data-ha-partsize=\"\" data-ha-partspeed=\"4\" data-ha-interactive=\"\" class=\"elementor-section elementor-top-section elementor-element elementor-element-0a5d873 ha-particle-yes ha-particle-adv-yes elementor-section-boxed elementor-section-height-default elementor-section-height-default\" data-id=\"0a5d873\" data-element_type=\"section\" data-settings=\"{&quot;background_background&quot;:&quot;classic&quot;,&quot;_ha_eqh_enable&quot;:false}\">\n\t\t\t\t\t\t\t<div class=\"elementor-background-overlay\"><\/div>\n\t\t\t\t\t\t\t<div class=\"elementor-container elementor-column-gap-default\">\n\t\t\t\t\t<div class=\"elementor-column elementor-col-100 elementor-top-column elementor-element elementor-element-3516b685 elementor-invisible\" data-id=\"3516b685\" data-element_type=\"column\" data-settings=\"{&quot;background_background&quot;:&quot;classic&quot;,&quot;animation&quot;:&quot;slideInRight&quot;,&quot;animation_delay&quot;:240}\">\n\t\t\t<div class=\"elementor-widget-wrap elementor-element-populated\">\n\t\t\t\t\t\t<section class=\"elementor-section elementor-inner-section elementor-element elementor-element-70ed8358 elementor-section-content-middle elementor-section-boxed elementor-section-height-default elementor-section-height-default\" data-id=\"70ed8358\" data-element_type=\"section\" data-settings=\"{&quot;background_background&quot;:&quot;classic&quot;,&quot;_ha_eqh_enable&quot;:false}\">\n\t\t\t\t\t\t\t<div class=\"elementor-background-overlay\"><\/div>\n\t\t\t\t\t\t\t<div class=\"elementor-container elementor-column-gap-default\">\n\t\t\t\t\t<div class=\"elementor-column elementor-col-100 elementor-inner-column elementor-element elementor-element-1710feb3\" data-id=\"1710feb3\" data-element_type=\"column\">\n\t\t\t<div class=\"elementor-widget-wrap elementor-element-populated\">\n\t\t\t\t\t\t<div class=\"elementor-element elementor-element-3f1604ee elementor-icon-list--layout-inline elementor-align-left elementor-list-item-link-full_width elementor-widget elementor-widget-icon-list\" data-id=\"3f1604ee\" data-element_type=\"widget\" data-widget_type=\"icon-list.default\">\n\t\t\t\t<div class=\"elementor-widget-container\">\n\t\t\t\t\t<ul class=\"elementor-icon-list-items elementor-inline-items\">\n\t\t\t\t\t\t\t<li class=\"elementor-icon-list-item elementor-inline-item\">\n\t\t\t\t\t\t\t\t\t\t\t<a href=\"https:\/\/aniventi.com\/en\/\">\n\n\t\t\t\t\t\t\t\t\t\t\t<span class=\"elementor-icon-list-text\">Anasayfa<\/span>\n\t\t\t\t\t\t\t\t\t\t\t<\/a>\n\t\t\t\t\t\t\t\t\t<\/li>\n\t\t\t\t\t\t\t\t<li class=\"elementor-icon-list-item elementor-inline-item\">\n\t\t\t\t\t\t\t\t\t\t\t<span class=\"elementor-icon-list-icon\">\n\t\t\t\t\t\t\t<i aria-hidden=\"true\" class=\"fas fa-chevron-right\"><\/i>\t\t\t\t\t\t<\/span>\n\t\t\t\t\t\t\t\t\t\t<span class=\"elementor-icon-list-text\">RTLS Solutions<\/span>\n\t\t\t\t\t\t\t\t\t<\/li>\n\t\t\t\t\t\t<\/ul>\n\t\t\t\t<\/div>\n\t\t\t\t<\/div>\n\t\t\t\t<div class=\"elementor-element elementor-element-42a4c603 elementor-widget elementor-widget-heading\" data-id=\"42a4c603\" data-element_type=\"widget\" data-widget_type=\"heading.default\">\n\t\t\t\t<div class=\"elementor-widget-container\">\n\t\t\t<h1 class=\"elementor-heading-title elementor-size-default\">RTLS \u00c7\u00f6z\u00fcmleri<\/h1>\t\t<\/div>\n\t\t\t\t<\/div>\n\t\t\t\t\t<\/div>\n\t\t<\/div>\n\t\t\t\t\t<\/div>\n\t\t<\/section>\n\t\t\t\t\t<\/div>\n\t\t<\/div>\n\t\t\t\t\t<\/div>\n\t\t<\/section>\n\t\t\t\t<section class=\"elementor-section elementor-top-section elementor-element elementor-element-bdb3a4f elementor-section-boxed elementor-section-height-default elementor-section-height-default\" data-id=\"bdb3a4f\" data-element_type=\"section\" data-settings=\"{&quot;_ha_eqh_enable&quot;:false}\">\n\t\t\t\t\t\t<div class=\"elementor-container elementor-column-gap-default\">\n\t\t\t\t\t<div class=\"elementor-column elementor-col-100 elementor-top-column elementor-element elementor-element-74b0161a\" data-id=\"74b0161a\" data-element_type=\"column\">\n\t\t\t<div class=\"elementor-widget-wrap elementor-element-populated\">\n\t\t\t\t\t\t<div class=\"elementor-element elementor-element-6bb79b94 elementor-widget elementor-widget-text-editor\" data-id=\"6bb79b94\" data-element_type=\"widget\" data-widget_type=\"text-editor.default\">\n\t\t\t\t<div class=\"elementor-widget-container\">\n\t\t\t\t\t\t\t<p>Ger\u00e7ek Zamanl\u0131 Konum Takibi (RTLS), varl\u0131klar\u0131n, ekipmanlar\u0131n, \u00e7al\u0131\u015fanlar\u0131n ve di\u011fer \u00f6nemli \u00f6\u011felerin ger\u00e7ek zamanl\u0131 olarak izlenmesini sa\u011flayan, ileri d\u00fczey bir teknolojidir. Aniventi olarak sundu\u011fumuz RTLS \u00e7\u00f6z\u00fcmleri, i\u015fletmelerin operasyonel verimliliklerini art\u0131rmalar\u0131na, s\u00fcre\u00e7lerini optimize etmelerine ve g\u00fcvenli\u011fi sa\u011flamalar\u0131na yard\u0131mc\u0131 olur. Geli\u015fmi\u015f konum izleme teknolojilerimiz ile her t\u00fcrl\u00fc varl\u0131k veya personel, herhangi bir noktada kolayca takip edilebilir, b\u00f6ylece i\u015fletmenizin her alan\u0131nda tam kontrol sa\u011flan\u0131r.<\/p>\t\t\t\t\t\t<\/div>\n\t\t\t\t<\/div>\n\t\t\t\t<section class=\"elementor-section elementor-inner-section elementor-element elementor-element-a6b4d49 elementor-section-boxed elementor-section-height-default elementor-section-height-default\" data-id=\"a6b4d49\" data-element_type=\"section\" data-settings=\"{&quot;_ha_eqh_enable&quot;:false}\">\n\t\t\t\t\t\t<div class=\"elementor-container elementor-column-gap-default\">\n\t\t\t\t\t<div class=\"elementor-column elementor-col-50 elementor-inner-column elementor-element elementor-element-461281f\" data-id=\"461281f\" data-element_type=\"column\">\n\t\t\t<div class=\"elementor-widget-wrap elementor-element-populated\">\n\t\t\t\t\t\t<div class=\"elementor-element elementor-element-cfa72cf elementor-widget__width-initial elementor-widget elementor-widget-text-editor\" data-id=\"cfa72cf\" data-element_type=\"widget\" data-widget_type=\"text-editor.default\">\n\t\t\t\t<div class=\"elementor-widget-container\">\n\t\t\t\t\t\t\t<h3><strong>RTLS \u00c7\u00f6z\u00fcmlerimizin Avantajlar\u0131:<\/strong><\/h3><p>Ger\u00e7ek Zamanl\u0131 Takip ve \u0130zleme: Aniventi\u2019nin RTLS \u00e7\u00f6z\u00fcmleri, varl\u0131klar\u0131n veya personelin ger\u00e7ek zamanl\u0131 konumunu anl\u0131k olarak izleyerek kay\u0131p, yanl\u0131\u015f yerle\u015ftirme ve hatal\u0131 i\u015flem risklerini ortadan kald\u0131r\u0131r. B\u00f6ylece her \u015feyin kontrol alt\u0131nda oldu\u011fundan emin olabilirsiniz.<\/p><p>Verimlilik Art\u0131\u015f\u0131: \u0130\u015f s\u00fcre\u00e7lerinin h\u0131zlanmas\u0131 ve personel ile ekipmanlar\u0131n etkin kullan\u0131m\u0131 sayesinde, operasyonel verimlilik \u00f6nemli \u00f6l\u00e7\u00fcde artar. \u0130\u015f g\u00fcc\u00fcn\u00fcz\u00fcn zaman kayb\u0131 minimuma indirilir.<\/p><p>Geli\u015fmi\u015f G\u00fcvenlik: RTLS, tesislerdeki g\u00fcvenlik seviyelerini y\u00fckseltir. \u00d6zellikle tehlikeli alanlarda veya kritik cihazlar\u0131n bulundu\u011fu b\u00f6lgelerde, varl\u0131klar\u0131n izlenmesi, yetkisiz eri\u015fimler ve potansiyel g\u00fcvenlik tehditleri an\u0131nda tespit edilerek h\u0131zl\u0131 m\u00fcdahale sa\u011flan\u0131r.<\/p><p>Ekipman ve Varl\u0131k Y\u00f6netimi: RTLS, t\u0131bbi cihazlardan end\u00fcstriyel makineler gibi de\u011ferli varl\u0131klar\u0131n do\u011fru y\u00f6netilmesini sa\u011flar. Varl\u0131klar s\u00fcrekli izlenebilir oldu\u011fu i\u00e7in bak\u0131m s\u00fcreleri do\u011fru planlanabilir ve cihazlar\u0131n kaybolmas\u0131 veya ar\u0131zalanmas\u0131 \u00f6nlenebilir.<\/p><p>\u0130\u00e7 Mek\u00e2n Takibi ve Analitik: RTLS, i\u00e7 mekanlarda da y\u00fcksek do\u011frulukla izleme yapabilen bir \u00e7\u00f6z\u00fcmd\u00fcr. Ayn\u0131 zamanda, toplanan veriler ile analizler yaparak, operasyonel s\u00fcre\u00e7lerinizi daha verimli hale getirebilirsiniz.<\/p>\t\t\t\t\t\t<\/div>\n\t\t\t\t<\/div>\n\t\t\t\t\t<\/div>\n\t\t<\/div>\n\t\t\t\t<div class=\"elementor-column elementor-col-50 elementor-inner-column elementor-element elementor-element-79d6747\" data-id=\"79d6747\" data-element_type=\"column\">\n\t\t\t<div class=\"elementor-widget-wrap elementor-element-populated\">\n\t\t\t\t\t\t<div class=\"elementor-element elementor-element-d07e1e8 elementor-widget elementor-widget-image\" data-id=\"d07e1e8\" data-element_type=\"widget\" data-widget_type=\"image.default\">\n\t\t\t\t<div class=\"elementor-widget-container\">\n\t\t\t\t\t\t\t\t\t\t\t\t\t<img fetchpriority=\"high\" decoding=\"async\" width=\"700\" height=\"468\" src=\"https:\/\/aniventi.com\/wp-content\/uploads\/2024\/11\/1701755239550.jpg\" class=\"attachment-large size-large wp-image-88956\" alt=\"\" srcset=\"https:\/\/aniventi.com\/wp-content\/uploads\/2024\/11\/1701755239550.jpg 700w, https:\/\/aniventi.com\/wp-content\/uploads\/2024\/11\/1701755239550-300x201.jpg 300w\" sizes=\"(max-width: 700px) 100vw, 700px\" \/>\t\t\t\t\t\t\t\t\t\t\t\t\t<\/div>\n\t\t\t\t<\/div>\n\t\t\t\t<div class=\"elementor-element elementor-element-b98db9d elementor-widget elementor-widget-image\" data-id=\"b98db9d\" data-element_type=\"widget\" data-widget_type=\"image.default\">\n\t\t\t\t<div class=\"elementor-widget-container\">\n\t\t\t\t\t\t\t\t\t\t\t\t\t<img decoding=\"async\" width=\"570\" height=\"298\" src=\"https:\/\/aniventi.com\/wp-content\/uploads\/2024\/11\/IoT-Worlds-RTLS-on-premise.jpg\" class=\"attachment-large size-large wp-image-88960\" alt=\"\" srcset=\"https:\/\/aniventi.com\/wp-content\/uploads\/2024\/11\/IoT-Worlds-RTLS-on-premise.jpg 570w, https:\/\/aniventi.com\/wp-content\/uploads\/2024\/11\/IoT-Worlds-RTLS-on-premise-300x157.jpg 300w\" sizes=\"(max-width: 570px) 100vw, 570px\" \/>\t\t\t\t\t\t\t\t\t\t\t\t\t<\/div>\n\t\t\t\t<\/div>\n\t\t\t\t\t<\/div>\n\t\t<\/div>\n\t\t\t\t\t<\/div>\n\t\t<\/section>\n\t\t\t\t<section class=\"elementor-section elementor-inner-section elementor-element elementor-element-dab6b1a elementor-section-boxed elementor-section-height-default elementor-section-height-default\" data-id=\"dab6b1a\" data-element_type=\"section\" data-settings=\"{&quot;_ha_eqh_enable&quot;:false}\">\n\t\t\t\t\t\t<div class=\"elementor-container elementor-column-gap-default\">\n\t\t\t\t\t<div class=\"elementor-column elementor-col-50 elementor-inner-column elementor-element elementor-element-6b53bf1\" data-id=\"6b53bf1\" data-element_type=\"column\">\n\t\t\t<div class=\"elementor-widget-wrap elementor-element-populated\">\n\t\t\t\t\t\t<div class=\"elementor-element elementor-element-36a9040 elementor-widget elementor-widget-image\" data-id=\"36a9040\" data-element_type=\"widget\" data-widget_type=\"image.default\">\n\t\t\t\t<div class=\"elementor-widget-container\">\n\t\t\t\t\t\t\t\t\t\t\t\t\t<img decoding=\"async\" width=\"800\" height=\"575\" src=\"https:\/\/aniventi.com\/wp-content\/uploads\/2024\/11\/rtls-1.jpg\" class=\"attachment-large size-large wp-image-88964\" alt=\"\" srcset=\"https:\/\/aniventi.com\/wp-content\/uploads\/2024\/11\/rtls-1.jpg 835w, https:\/\/aniventi.com\/wp-content\/uploads\/2024\/11\/rtls-1-300x216.jpg 300w, https:\/\/aniventi.com\/wp-content\/uploads\/2024\/11\/rtls-1-768x552.jpg 768w\" sizes=\"(max-width: 800px) 100vw, 800px\" \/>\t\t\t\t\t\t\t\t\t\t\t\t\t<\/div>\n\t\t\t\t<\/div>\n\t\t\t\t<div class=\"elementor-element elementor-element-60b29a7 elementor-widget elementor-widget-image\" data-id=\"60b29a7\" data-element_type=\"widget\" data-widget_type=\"image.default\">\n\t\t\t\t<div class=\"elementor-widget-container\">\n\t\t\t\t\t\t\t\t\t\t\t\t\t<img loading=\"lazy\" decoding=\"async\" width=\"614\" height=\"287\" src=\"https:\/\/aniventi.com\/wp-content\/uploads\/2024\/11\/Rtls.jpg\" class=\"attachment-large size-large wp-image-88968\" alt=\"\" srcset=\"https:\/\/aniventi.com\/wp-content\/uploads\/2024\/11\/Rtls.jpg 614w, https:\/\/aniventi.com\/wp-content\/uploads\/2024\/11\/Rtls-300x140.jpg 300w\" sizes=\"(max-width: 614px) 100vw, 614px\" \/>\t\t\t\t\t\t\t\t\t\t\t\t\t<\/div>\n\t\t\t\t<\/div>\n\t\t\t\t\t<\/div>\n\t\t<\/div>\n\t\t\t\t<div class=\"elementor-column elementor-col-50 elementor-inner-column elementor-element elementor-element-16a7aad\" data-id=\"16a7aad\" data-element_type=\"column\">\n\t\t\t<div class=\"elementor-widget-wrap elementor-element-populated\">\n\t\t\t\t\t\t<div class=\"elementor-element elementor-element-2d47d20 elementor-widget elementor-widget-text-editor\" data-id=\"2d47d20\" data-element_type=\"widget\" data-widget_type=\"text-editor.default\">\n\t\t\t\t<div class=\"elementor-widget-container\">\n\t\t\t\t\t\t\t<h3><strong>RTLS \u00c7\u00f6z\u00fcmlerinin Kullan\u0131m Alanlar\u0131<\/strong><\/h3><ul><li>Sa\u011fl\u0131k Sekt\u00f6r\u00fc: Hastaneler ve sa\u011fl\u0131k kurulu\u015flar\u0131nda, RTLS \u00e7\u00f6z\u00fcmleri hasta takibini, ekipman y\u00f6netimini, ila\u00e7 izlemeyi ve personel g\u00fcvenli\u011fini iyile\u015ftirir. \u00d6rne\u011fin, kritik t\u0131bbi cihazlar s\u00fcrekli izlenebilir ve her an ihtiya\u00e7 duyulabilecek ekipmanlar h\u0131zl\u0131ca bulunabilir.<\/li><li>End\u00fcstriyel Alanlar ve Fabrikalar: End\u00fcstriyel tesislerde, makineler, ara\u00e7lar, malzemeler ve i\u015f g\u00fcc\u00fc anl\u0131k olarak izlenebilir. Bu, \u00fcretim s\u00fcre\u00e7lerinin kesintisiz devam etmesini sa\u011flar ve bak\u0131m s\u00fcre\u00e7lerini optimize eder.<\/li><li>Lojistik ve Depolama: RTLS \u00e7\u00f6z\u00fcmleri, depo y\u00f6netimi ve lojistik s\u00fcre\u00e7lerinde, \u00fcr\u00fcnlerin do\u011fru bir \u015fekilde izlenmesini sa\u011flar. Depolama alanlar\u0131na yerle\u015ftirilen RFID etiketleri veya sens\u00f6rler ile, her \u00fcr\u00fcn\u00fcn konumu ger\u00e7ek zamanl\u0131 olarak takip edilebilir.<\/li><li>Perakende ve Ma\u011faza Y\u00f6netimi: Ma\u011faza i\u00e7i personel ve m\u00fc\u015fteri etkile\u015fimi izlenerek, m\u00fc\u015fteri deneyimi iyile\u015ftirilebilir. Ayr\u0131ca, ma\u011faza i\u00e7indeki \u00fcr\u00fcnlerin konumlar\u0131 h\u0131zl\u0131ca tespit edilerek, envanter y\u00f6netimi ve raf d\u00fczeni optimize edilebilir.<\/li><\/ul>\t\t\t\t\t\t<\/div>\n\t\t\t\t<\/div>\n\t\t\t\t\t<\/div>\n\t\t<\/div>\n\t\t\t\t\t<\/div>\n\t\t<\/section>\n\t\t\t\t<section class=\"elementor-section elementor-inner-section elementor-element elementor-element-aaf7f57 elementor-section-boxed elementor-section-height-default elementor-section-height-default\" data-id=\"aaf7f57\" data-element_type=\"section\" data-settings=\"{&quot;_ha_eqh_enable&quot;:false}\">\n\t\t\t\t\t\t<div class=\"elementor-container elementor-column-gap-default\">\n\t\t\t\t\t<div class=\"elementor-column elementor-col-50 elementor-inner-column elementor-element elementor-element-f943186\" data-id=\"f943186\" data-element_type=\"column\">\n\t\t\t<div class=\"elementor-widget-wrap elementor-element-populated\">\n\t\t\t\t\t\t<div class=\"elementor-element elementor-element-4052c02 elementor-widget__width-initial elementor-widget elementor-widget-text-editor\" data-id=\"4052c02\" data-element_type=\"widget\" data-widget_type=\"text-editor.default\">\n\t\t\t\t<div class=\"elementor-widget-container\">\n\t\t\t\t\t\t\t<h3><strong>RTLS Teknolojileri:<\/strong><\/h3><p>Aniventi, RTLS \u00e7\u00f6z\u00fcmleri i\u00e7in en g\u00fcncel teknolojileri kullanmaktad\u0131r. \u00c7\u00f6z\u00fcm\u00fcm\u00fcz, \u00e7e\u015fitli teknolojilerden faydalanarak y\u00fcksek do\u011fruluk ve g\u00fcvenilirlik sunar:<\/p><ul><li>RFID Tabanl\u0131 RTLS: Radyo frekans\u0131 ile \u00e7al\u0131\u015fan etiketler ve al\u0131c\u0131lar kullanarak, varl\u0131klar\u0131n konumlar\u0131 hassas bir \u015fekilde belirlenir.<\/li><li>Ultrasonik RTLS: Y\u00fcksek do\u011frulukla i\u00e7 mekan takibi i\u00e7in ses dalgalar\u0131 kullanarak, varl\u0131klar ve personel aras\u0131nda uzakl\u0131k \u00f6l\u00e7\u00fcm\u00fc yap\u0131l\u0131r.<\/li><li>Wi-Fi Tabanl\u0131 RTLS: Mevcut Wi-Fi altyap\u0131s\u0131 \u00fczerinden \u00e7al\u0131\u015fan bir RTLS \u00e7\u00f6z\u00fcm\u00fcd\u00fcr, d\u00fc\u015f\u00fck maliyetli ve kurulumu kolayd\u0131r.<\/li><li>Bluetooth Low Energy (BLE) Tabanl\u0131 RTLS: D\u00fc\u015f\u00fck enerji t\u00fcketimi ile varl\u0131k takibini sa\u011flayan etkili bir teknolojidir, \u00f6zellikle b\u00fcy\u00fck tesislerde tercih edilir.<\/li><\/ul><h3>\u00a0<\/h3><h3><strong>Neden Aniventi RTLS?<\/strong><\/h3><p>Aniventi olarak, her t\u00fcrl\u00fc i\u015f alan\u0131na \u00f6zel olarak uyarlanabilir RTLS \u00e7\u00f6z\u00fcmleri sunuyoruz. M\u00fc\u015fterilerimizin operasyonel ihtiya\u00e7lar\u0131na g\u00f6re \u00f6zelle\u015ftirilebilen sistemlerimiz ile maksimum verimlilik sa\u011fl\u0131yoruz. Ayr\u0131ca, kullan\u0131c\u0131 dostu aray\u00fcz\u00fcm\u00fcz sayesinde, sistemlerimizi kolayca entegre edebilir ve y\u00f6netebilirsiniz. Geli\u015fmi\u015f raporlama ve analiz ara\u00e7lar\u0131 ile, i\u015fletmenizin her y\u00f6n\u00fcn\u00fc daha verimli bir \u015fekilde y\u00f6netebilirsiniz.<\/p><p>Aniventi RTLS \u00e7\u00f6z\u00fcmleri, i\u015f s\u00fcre\u00e7lerinizi optimize ederken, g\u00fcvenlik ve izlenebilirlik a\u00e7\u0131s\u0131ndan da b\u00fcy\u00fck avantajlar sa\u011flar. Daha fazla bilgi almak ve ihtiyac\u0131n\u0131za \u00f6zel bir \u00e7\u00f6z\u00fcm geli\u015ftirmek i\u00e7in bizimle ileti\u015fime ge\u00e7ebilirsiniz<\/p>\t\t\t\t\t\t<\/div>\n\t\t\t\t<\/div>\n\t\t\t\t\t<\/div>\n\t\t<\/div>\n\t\t\t\t<div class=\"elementor-column elementor-col-50 elementor-inner-column elementor-element elementor-element-df2374c\" data-id=\"df2374c\" data-element_type=\"column\">\n\t\t\t<div class=\"elementor-widget-wrap elementor-element-populated\">\n\t\t\t\t\t\t<div class=\"elementor-element elementor-element-9458381 elementor-widget elementor-widget-image\" data-id=\"9458381\" data-element_type=\"widget\" data-widget_type=\"image.default\">\n\t\t\t\t<div class=\"elementor-widget-container\">\n\t\t\t\t\t\t\t\t\t\t\t\t\t<img loading=\"lazy\" decoding=\"async\" width=\"617\" height=\"433\" src=\"https:\/\/aniventi.com\/wp-content\/uploads\/2024\/11\/RTLS-in-shop-floor.png\" class=\"attachment-large size-large wp-image-88972\" alt=\"\" srcset=\"https:\/\/aniventi.com\/wp-content\/uploads\/2024\/11\/RTLS-in-shop-floor.png 617w, https:\/\/aniventi.com\/wp-content\/uploads\/2024\/11\/RTLS-in-shop-floor-300x211.png 300w\" sizes=\"(max-width: 617px) 100vw, 617px\" \/>\t\t\t\t\t\t\t\t\t\t\t\t\t<\/div>\n\t\t\t\t<\/div>\n\t\t\t\t<div class=\"elementor-element elementor-element-869cb62 elementor-widget elementor-widget-image\" data-id=\"869cb62\" data-element_type=\"widget\" data-widget_type=\"image.default\">\n\t\t\t\t<div class=\"elementor-widget-container\">\n\t\t\t\t\t\t\t\t\t\t\t\t\t<img loading=\"lazy\" decoding=\"async\" width=\"550\" height=\"412\" src=\"https:\/\/aniventi.com\/wp-content\/uploads\/2024\/11\/what-is-rtls.webp\" class=\"attachment-large size-large wp-image-88976\" alt=\"\" srcset=\"https:\/\/aniventi.com\/wp-content\/uploads\/2024\/11\/what-is-rtls.webp 550w, https:\/\/aniventi.com\/wp-content\/uploads\/2024\/11\/what-is-rtls-300x225.webp 300w\" sizes=\"(max-width: 550px) 100vw, 550px\" \/>\t\t\t\t\t\t\t\t\t\t\t\t\t<\/div>\n\t\t\t\t<\/div>\n\t\t\t\t\t<\/div>\n\t\t<\/div>\n\t\t\t\t\t<\/div>\n\t\t<\/section>\n\t\t\t\t\t<\/div>\n\t\t<\/div>\n\t\t\t\t\t<\/div>\n\t\t<\/section>\n\t\t\t\t<\/div>\n\t\t","protected":false},"excerpt":{"rendered":"<p>Home RTLS Solutions Real-Time Location Tracking (RTLS) is an advanced technology that enables the real-time monitoring of assets, equipment, personnel, and other critical items. Aniventi olarak sundu\u011fumuz RTLS \u00e7\u00f6z\u00fcmleri, i\u015fletmelerin operasyonel verimliliklerini art\u0131rmalar\u0131na, s\u00fcre\u00e7lerini optimize etmelerine ve g\u00fcvenli\u011fi sa\u011flamalar\u0131na yard\u0131mc\u0131 olur. Geli\u015fmi\u015f konum izleme teknolojilerimiz ile her t\u00fcrl\u00fc varl\u0131k veya personel, herhangi bir noktada kolayca [&hellip;]<\/p>\n","protected":false},"author":1,"featured_media":0,"parent":0,"menu_order":0,"comment_status":"closed","ping_status":"closed","template":"","meta":{"footnotes":""},"class_list":["post-89126","page","type-page","status-publish","hentry"],"aioseo_notices":[],"_links":{"self":[{"href":"https:\/\/aniventi.com\/en\/wp-json\/wp\/v2\/pages\/89126","targetHints":{"allow":["GET"]}}],"collection":[{"href":"https:\/\/aniventi.com\/en\/wp-json\/wp\/v2\/pages"}],"about":[{"href":"https:\/\/aniventi.com\/en\/wp-json\/wp\/v2\/types\/page"}],"author":[{"embeddable":true,"href":"https:\/\/aniventi.com\/en\/wp-json\/wp\/v2\/users\/1"}],"replies":[{"embeddable":true,"href":"https:\/\/aniventi.com\/en\/wp-json\/wp\/v2\/comments?post=89126"}],"version-history":[{"count":0,"href":"https:\/\/aniventi.com\/en\/wp-json\/wp\/v2\/pages\/89126\/revisions"}],"wp:attachment":[{"href":"https:\/\/aniventi.com\/en\/wp-json\/wp\/v2\/media?parent=89126"}],"curies":[{"name":"wp","href":"https:\/\/api.w.org\/{rel}","templated":true}]}}