{"id":89127,"date":"2025-04-03T07:22:23","date_gmt":"2025-04-03T07:22:23","guid":{"rendered":"https:\/\/aniventi.com\/veri-guvenligi-formu\/"},"modified":"2025-08-17T15:25:05","modified_gmt":"2025-08-17T15:25:05","slug":"veri-guvenligi-formu","status":"publish","type":"page","link":"https:\/\/aniventi.com\/en\/veri-guvenligi-formu\/","title":{"rendered":"Data Security Form"},"content":{"rendered":"\t\t<div data-elementor-type=\"wp-page\" data-elementor-id=\"89127\" class=\"elementor elementor-89127\" data-elementor-post-type=\"page\">\n\t\t\t\t\t\t<section data-ha-partstyle=\"default\" data-ha-partcolor=\"\" data-ha-partopacity=\"0\" data-ha-partdirection=\"bottom\" data-ha-partnum=\"75\" data-ha-partsize=\"\" data-ha-partspeed=\"4\" data-ha-interactive=\"\" class=\"elementor-section elementor-top-section elementor-element elementor-element-e100e3a ha-particle-yes ha-particle-adv-yes elementor-section-boxed elementor-section-height-default elementor-section-height-default\" data-id=\"e100e3a\" data-element_type=\"section\" data-settings=\"{&quot;background_background&quot;:&quot;classic&quot;,&quot;_ha_eqh_enable&quot;:false}\">\n\t\t\t\t\t\t\t<div class=\"elementor-background-overlay\"><\/div>\n\t\t\t\t\t\t\t<div class=\"elementor-container elementor-column-gap-default\">\n\t\t\t\t\t<div class=\"elementor-column elementor-col-100 elementor-top-column elementor-element elementor-element-5c6408c elementor-invisible\" data-id=\"5c6408c\" data-element_type=\"column\" data-settings=\"{&quot;background_background&quot;:&quot;classic&quot;,&quot;animation&quot;:&quot;slideInRight&quot;,&quot;animation_delay&quot;:240}\">\n\t\t\t<div class=\"elementor-widget-wrap elementor-element-populated\">\n\t\t\t\t\t\t<section class=\"elementor-section elementor-inner-section elementor-element elementor-element-81bfaa3 elementor-section-content-middle elementor-section-boxed elementor-section-height-default elementor-section-height-default\" data-id=\"81bfaa3\" data-element_type=\"section\" data-settings=\"{&quot;background_background&quot;:&quot;classic&quot;,&quot;_ha_eqh_enable&quot;:false}\">\n\t\t\t\t\t\t\t<div class=\"elementor-background-overlay\"><\/div>\n\t\t\t\t\t\t\t<div class=\"elementor-container elementor-column-gap-default\">\n\t\t\t\t\t<div class=\"elementor-column elementor-col-50 elementor-inner-column elementor-element elementor-element-3219bdd\" data-id=\"3219bdd\" data-element_type=\"column\">\n\t\t\t<div class=\"elementor-widget-wrap elementor-element-populated\">\n\t\t\t\t\t\t<div class=\"elementor-element elementor-element-4c660bf elementor-icon-list--layout-inline elementor-align-left elementor-list-item-link-full_width elementor-widget elementor-widget-icon-list\" data-id=\"4c660bf\" data-element_type=\"widget\" data-widget_type=\"icon-list.default\">\n\t\t\t\t<div class=\"elementor-widget-container\">\n\t\t\t\t\t<ul class=\"elementor-icon-list-items elementor-inline-items\">\n\t\t\t\t\t\t\t<li class=\"elementor-icon-list-item elementor-inline-item\">\n\t\t\t\t\t\t\t\t\t\t\t<a href=\"https:\/\/aniventi.com\/en\/\">\n\n\t\t\t\t\t\t\t\t\t\t\t<span class=\"elementor-icon-list-text\">Home<\/span>\n\t\t\t\t\t\t\t\t\t\t\t<\/a>\n\t\t\t\t\t\t\t\t\t<\/li>\n\t\t\t\t\t\t\t\t<li class=\"elementor-icon-list-item elementor-inline-item\">\n\t\t\t\t\t\t\t\t\t\t\t<a href=\"https:\/\/aniventi.com\/en\/\">\n\n\t\t\t\t\t\t\t\t\t\t\t\t<span class=\"elementor-icon-list-icon\">\n\t\t\t\t\t\t\t<i aria-hidden=\"true\" class=\"fas fa-chevron-right\"><\/i>\t\t\t\t\t\t<\/span>\n\t\t\t\t\t\t\t\t\t\t<span class=\"elementor-icon-list-text\">Corporate<\/span>\n\t\t\t\t\t\t\t\t\t\t\t<\/a>\n\t\t\t\t\t\t\t\t\t<\/li>\n\t\t\t\t\t\t\t\t<li class=\"elementor-icon-list-item elementor-inline-item\">\n\t\t\t\t\t\t\t\t\t\t\t<span class=\"elementor-icon-list-icon\">\n\t\t\t\t\t\t\t<i aria-hidden=\"true\" class=\"fas fa-chevron-right\"><\/i>\t\t\t\t\t\t<\/span>\n\t\t\t\t\t\t\t\t\t\t<span class=\"elementor-icon-list-text\">Data Security Form<\/span>\n\t\t\t\t\t\t\t\t\t<\/li>\n\t\t\t\t\t\t<\/ul>\n\t\t\t\t<\/div>\n\t\t\t\t<\/div>\n\t\t\t\t<div class=\"elementor-element elementor-element-cbfe7f6 elementor-widget elementor-widget-heading\" data-id=\"cbfe7f6\" data-element_type=\"widget\" data-widget_type=\"heading.default\">\n\t\t\t\t<div class=\"elementor-widget-container\">\n\t\t\t<h1 class=\"elementor-heading-title elementor-size-default\">Data Security Form<\/h1>\t\t<\/div>\n\t\t\t\t<\/div>\n\t\t\t\t\t<\/div>\n\t\t<\/div>\n\t\t\t\t<div class=\"elementor-column elementor-col-50 elementor-inner-column elementor-element elementor-element-5a0d11b\" data-id=\"5a0d11b\" data-element_type=\"column\">\n\t\t\t<div class=\"elementor-widget-wrap elementor-element-populated\">\n\t\t\t\t\t\t<div class=\"elementor-element elementor-element-29a9db7 elementor-widget elementor-widget-heading\" data-id=\"29a9db7\" data-element_type=\"widget\" data-widget_type=\"heading.default\">\n\t\t\t\t<div class=\"elementor-widget-container\">\n\t\t\t<h3 class=\"elementor-heading-title elementor-size-default\">Shape Your Future with Aniventi's Smart Solutions<\/h3>\t\t<\/div>\n\t\t\t\t<\/div>\n\t\t\t\t\t<\/div>\n\t\t<\/div>\n\t\t\t\t\t<\/div>\n\t\t<\/section>\n\t\t\t\t\t<\/div>\n\t\t<\/div>\n\t\t\t\t\t<\/div>\n\t\t<\/section>\n\t\t\t\t<section class=\"elementor-section elementor-top-section elementor-element elementor-element-59e9ecfd elementor-section-boxed elementor-section-height-default elementor-section-height-default\" data-id=\"59e9ecfd\" data-element_type=\"section\" data-settings=\"{&quot;_ha_eqh_enable&quot;:false}\">\n\t\t\t\t\t\t<div class=\"elementor-container elementor-column-gap-default\">\n\t\t\t\t\t<div class=\"elementor-column elementor-col-100 elementor-top-column elementor-element elementor-element-6938d164\" data-id=\"6938d164\" data-element_type=\"column\">\n\t\t\t<div class=\"elementor-widget-wrap elementor-element-populated\">\n\t\t\t\t\t\t<div class=\"elementor-element elementor-element-5c84c96e elementor-widget elementor-widget-text-editor\" data-id=\"5c84c96e\" data-element_type=\"widget\" data-widget_type=\"text-editor.default\">\n\t\t\t\t<div class=\"elementor-widget-container\">\n\t\t\t\t\t\t\t<p><!-- wp:paragraph --><\/p>\n<p><strong>Company Name:<\/strong> Aniventi \u0130novasyon Bili\u015fim ve Teknoloji A.\u015e.<\/p>\n<p><!-- \/wp:paragraph --><!-- wp:paragraph --><\/p>\n<p><strong>Form Date: <\/strong>01.04.2025<\/p>\n<p><!-- \/wp:paragraph --><!-- wp:paragraph --><\/p>\n<p><strong>Version:<\/strong> 1.0.0.1<\/p>\n<p><!-- \/wp:paragraph --><!-- wp:paragraph --><\/p>\n<p><strong>1. Purpose<\/strong><\/p>\n<p><!-- \/wp:paragraph --><!-- wp:paragraph --><\/p>\n<p>This form is prepared to document the technical and administrative measures taken to ensure the security of personal data processed by Aniventi Innovation Information and Technology Inc.<\/p>\n<p><!-- \/wp:paragraph --><!-- wp:paragraph --><\/p>\n<p><strong>2. Scope<\/strong><\/p>\n<p><!-- \/wp:paragraph --><!-- wp:paragraph --><\/p>\n<p>This form covers<\/p>\n<p><!-- \/wp:paragraph --><!-- wp:paragraph --><\/p>\n<p>\u2022 All personal data stored or processed within the company<br>\u2022 Data controllers and data processors<br>\u2022 Physical and digital data storage areas<\/p>\n<p><!-- \/wp:paragraph --><!-- wp:paragraph --><\/p>\n<p><strong>3. Data Security Measures<\/strong><\/p>\n<p><!-- \/wp:paragraph --><!-- wp:paragraph --><\/p>\n<p>A. Technical Measures<\/p>\n<p><!-- \/wp:paragraph --><!-- wp:columns --><\/p>\n<div>\n<p><!-- wp:column {\"width\":\"100%\"} --><\/p>\n<div style=\"flex-basis: 100%;\">\n<p><!-- wp:table --><\/p>\n<figure>\n<table>\n<tbody>\n<tr>\n<td><strong>No<\/strong><\/td>\n<td>Description of Measure<\/td>\n<td>Implementation Status<\/td>\n<td>Responsible Unit&nbsp;&nbsp;<\/td>\n<\/tr>\n<tr>\n<td>1<\/td>\n<td>Data encryption (SSL\/TLS, disk encryption<\/td>\n<td>\u2713<\/td>\n<td>IT Department&nbsp;&nbsp;&nbsp;&nbsp;&nbsp;&nbsp;&nbsp;<\/td>\n<\/tr>\n<tr>\n<td>2<\/td>\n<td>Access controls (user authorization, two-factor authentication)<\/td>\n<td>\u2713<\/td>\n<td>IT &amp; Human Resources<\/td>\n<\/tr>\n<tr>\n<td>3<\/td>\n<td>Regular backup and disaster recovery plan<\/td>\n<td>\u2713<\/td>\n<td><span style=\"font-size: 14.4px;\">IT Department&nbsp; &nbsp;&nbsp;<\/span><\/td>\n<\/tr>\n<tr>\n<td>4<\/td>\n<td>Antivirus, firewall, and cybersecurity software&nbsp;<\/td>\n<td>\u2713<\/td>\n<td><span style=\"font-size: 14.4px;\">IT Department&nbsp; &nbsp;&nbsp;<\/span><\/td>\n<\/tr>\n<tr>\n<td>5<\/td>\n<td>Cookie management and consent policies&nbsp; &nbsp; &nbsp; &nbsp; &nbsp; &nbsp; &nbsp; &nbsp; &nbsp; &nbsp;&nbsp;<\/td>\n<td>\u2713<\/td>\n<td>Legal &amp; Marketing<\/td>\n<\/tr>\n<\/tbody>\n<\/table>\n<\/figure>\n<p><!-- \/wp:table --><\/p>\n<\/div>\n<p><!-- \/wp:column --><\/p>\n<\/div>\n<p><!-- \/wp:columns --><!-- wp:paragraph --><\/p>\n<p><strong>B.&nbsp;<\/strong><b>Administrative Measures<\/b><\/p>\n<p><!-- \/wp:paragraph --><!-- wp:table --><\/p>\n<figure>\n<table>\n<tbody>\n<tr>\n<td><strong>No<\/strong><\/td>\n<td><span style=\"font-size: 14.4px;\">Description of Measure<\/span><\/td>\n<td><span style=\"font-size: 14.4px; background-color: rgba(128, 128, 128, 0.07);\">Implementation Status<\/span><\/td>\n<td><span style=\"font-size: 14.4px; background-color: rgba(128, 128, 128, 0.07);\">Responsible Unit&nbsp;&nbsp;<\/span><\/td>\n<\/tr>\n<tr>\n<td>1<\/td>\n<td>Employee confidentiality agreements and KVKK trainings<\/td>\n<td>\u2713<\/td>\n<td><span style=\"font-size: 14.4px; background-color: rgba(128, 128, 128, 0.1);\">Human Resources<\/span><\/td>\n<\/tr>\n<tr>\n<td>2<\/td>\n<td>Security clauses in contracts with data processors<\/td>\n<td>\u2713<\/td>\n<td>Legal Department<\/td>\n<\/tr>\n<tr>\n<td>3<\/td>\n<td>Data breach notification procedures<\/td>\n<td>\u2713<\/td>\n<td>IT &amp; Legal&nbsp;<\/td>\n<\/tr>\n<tr>\n<td>4<\/td>\n<td>Physical access controls (locked cabinets, access cards)<\/td>\n<td>\u2713<\/td>\n<td>General Management&nbsp;<\/td>\n<\/tr>\n<\/tbody>\n<\/table>\n<\/figure>\n<p><!-- \/wp:table --><!-- wp:paragraph --><\/p>\n<p><b>4. Data Breach Notification Process<\/b><\/p><p><b>\u2022<span style=\"white-space:pre\">\t<\/span>Detection: In the event of a data breach, the relevant unit must inform the IT and Legal departments within 24 hours at the latest.<\/b><\/p><p><b>\u2022<span style=\"white-space:pre\">\t<\/span>Response: The IT team activates technical measures to stop the leak and protect the data.<\/b><\/p><p><b>\u2022<span style=\"white-space:pre\">\t<\/span>Notification: In accordance with KVKK and GDPR, affected individuals and the Data Protection Authority (when required) are notified within 72 hours.<\/b><\/p><p><b>5. Responsibilities<\/b><\/p><p><b>\u2022<span style=\"white-space:pre\">\t<\/span>IT Department: Ensures the security of the technical infrastructure.<\/b><\/p><p><b>\u2022<span style=\"white-space:pre\">\t<\/span>Legal Department: Monitors legal compliance.<\/b><\/p><p><b>\u2022<span style=\"white-space:pre\">\t<\/span>Employees: Are obliged to comply with confidentiality policies.<\/b><\/p><p><b>6. Audits and Updates<\/b><\/p><p><b>\u2022<span style=\"white-space:pre\">\t<\/span>This form is reviewed at least once a year or when there are legal changes.<\/b><\/p><p><b>Last review date: 01.01.2025<\/b><\/p><p><b>Prepared by: Ali \u00c7A\u011eLAR \/ IT Department<\/b><\/p><p><b>Approved by: \u0130lker KAYALAR \/ General Management<\/b><\/p><div><br><\/div>\n<p><!-- \/wp:paragraph --><\/p>\t\t\t\t\t\t<\/div>\n\t\t\t\t<\/div>\n\t\t\t\t\t<\/div>\n\t\t<\/div>\n\t\t\t\t\t<\/div>\n\t\t<\/section>\n\t\t\t\t<\/div>\n\t\t","protected":false},"excerpt":{"rendered":"<p>Home Corporate Shape Your Future with Aniventi&#8217;s Smart Solutions Company Name: Aniventi \u0130novasyon Bili\u015fim ve Teknoloji A.\u015e. Form Date: 01.04.2025 Version: 1.0.0.1 1. Purpose This form is prepared to document the technical and administrative measures taken to ensure the security of personal data processed by Aniventi Innovation Information and Technology Inc. 2. Scope This form [&hellip;]<\/p>\n","protected":false},"author":1,"featured_media":0,"parent":0,"menu_order":0,"comment_status":"closed","ping_status":"closed","template":"","meta":{"footnotes":""},"class_list":["post-89127","page","type-page","status-publish","hentry"],"aioseo_notices":[],"_links":{"self":[{"href":"https:\/\/aniventi.com\/en\/wp-json\/wp\/v2\/pages\/89127","targetHints":{"allow":["GET"]}}],"collection":[{"href":"https:\/\/aniventi.com\/en\/wp-json\/wp\/v2\/pages"}],"about":[{"href":"https:\/\/aniventi.com\/en\/wp-json\/wp\/v2\/types\/page"}],"author":[{"embeddable":true,"href":"https:\/\/aniventi.com\/en\/wp-json\/wp\/v2\/users\/1"}],"replies":[{"embeddable":true,"href":"https:\/\/aniventi.com\/en\/wp-json\/wp\/v2\/comments?post=89127"}],"version-history":[{"count":4,"href":"https:\/\/aniventi.com\/en\/wp-json\/wp\/v2\/pages\/89127\/revisions"}],"predecessor-version":[{"id":89297,"href":"https:\/\/aniventi.com\/en\/wp-json\/wp\/v2\/pages\/89127\/revisions\/89297"}],"wp:attachment":[{"href":"https:\/\/aniventi.com\/en\/wp-json\/wp\/v2\/media?parent=89127"}],"curies":[{"name":"wp","href":"https:\/\/api.w.org\/{rel}","templated":true}]}}